{"id":1569,"date":"2025-12-26T14:34:01","date_gmt":"2025-12-26T12:34:01","guid":{"rendered":"https:\/\/marquort.de\/fachanwalt-fuer-strafrecht-aus-kiel\/"},"modified":"2024-02-13T18:50:13","modified_gmt":"2024-02-13T16:50:13","slug":"fachanwalt-fuer-strafrecht-aus-kiel","status":"publish","type":"page","link":"https:\/\/marquort.de\/es\/","title":{"rendered":"Abogado Philipp Marquort, especialista en Derecho penal de Kiel"},"content":{"rendered":"<h1><strong>Abogado Philipp Marquort, especialista en Derecho penal de Kiel<\/strong><\/h1>\n<p>Bienvenido a mi bufete virtual.<\/p>\n<p>&nbsp;<\/p>\n<h1 style=\"text-align: center;\"><strong>Yo. Le. Defiendo.<\/strong><\/h1>\n<p>Como abogado penalista con experiencia, pongo a su disposici\u00f3n mis amplios conocimientos jur\u00eddicos, tanto en Kiel como en todo el pa\u00eds. Con m\u00e1s de 19 a\u00f1os de experiencia profesional, en particular, como abogado especializado en Derecho penal desde 2007, defender\u00e9 sus intereses con pasi\u00f3n y compromiso. Independientemente de si est\u00e1 siendo investigado, ya ha sido acusado o quiere defenderse de una condena en primera instancia en un procedimiento de apelaci\u00f3n o casaci\u00f3n. Si necesita asesoramiento jur\u00eddico en el \u00e1mbito del derecho penal, soy su socio de confianza. Mi lema es: <strong>Yo.Le. Defiendo.<\/strong> Puede confiar en mi experiencia y compromiso para desarrollar conjuntamente la mejor estrategia de defensa posible para su caso. Conmigo, sus asuntos jur\u00eddicos est\u00e1n en manos expertas. No importa de qu\u00e9 se le acuse: <strong>Yo. Le. Defiendo.<\/strong><\/p>\n<p>&nbsp;<\/p>\n<h2><strong>Clientes de Kiel, Schleswig-Holstein y toda Alemania.<\/strong><\/h2>\n<p>Desde hace m\u00e1s de 19 a\u00f1os, represento los intereses de mis clientes procedentes de Kiel, Schleswig-Holstein y de toda Alemania. Naturalmente, la mayor\u00eda de los clientes proceden de Kiel y alrededores.<\/p>\n<p>&nbsp;<\/p>\n<h2><strong>Sobre mi bufete<\/strong><\/h2>\n<p>Ejerzo la abogac\u00eda en Kiel desde hace m\u00e1s de 19 a\u00f1os y abr\u00ed mi despacho el 15 de abril de 2004. Desde 2007 me especializo en Derecho penal, tal como se refleja en mi t\u00edtulo de abogado especialista en Derecho penal. Los primeros cinco a\u00f1os (2004-2009) de mi ejercicio profesional los pas\u00e9 en un despacho compartido en Knooper Weg 29, Kiel, junto con el antiguo abogado y notario Klaus Berger y el abogado Mario Taebel. En diciembre de 2016, me traslad\u00e9 al despacho en Exerzierplatz 7 de Kiel junto con el abogado Mario Taebel. Poco despu\u00e9s, el despacho compartido creci\u00f3 en n\u00famero de miembros con la incorporaci\u00f3n de mi colega Bianca Karrasch. Desde el 15 de noviembre de 2009 hasta el 16 de diciembre de 2016, mi bufete estuvo ubicado en la 2.\u00aa planta de Exerzierplatz 7, donde compart\u00ed despacho con el abogado Mario Taebel y la abogada y especialista en Derecho de familia Bianca Karrasch.<\/p>\n<p>Desde el 16 de diciembre de 2016 mi despacho se encuentra en Exerzierplatz 32, 4.\u00aa planta. Mis dos compa\u00f1eros se han trasladado conmigo al despacho compartido de Exerzierplatz 32.<\/p>\n<p>&nbsp;<\/p>\n<p>&nbsp;<\/p>\n","protected":false},"excerpt":{"rendered":"<p>Abogado Philipp Marquort, especialista en Derecho penal de Kiel Bienvenido a mi bufete virtual. &nbsp; Yo. Le. Defiendo. Como abogado penalista con experiencia, pongo a su disposici\u00f3n mis amplios conocimientos jur\u00eddicos, tanto en Kiel como en todo el pa\u00eds. Con m\u00e1s de 19 a\u00f1os de experiencia profesional, en particular, como abogado especializado en Derecho penal [&hellip;]<\/p>\n","protected":false},"author":4,"featured_media":0,"parent":0,"menu_order":1,"comment_status":"closed","ping_status":"closed","template":"","meta":{"footnotes":""},"class_list":["post-1569","page","type-page","status-publish","hentry"],"yoast_head":"<!-- This site is optimized with the Yoast SEO plugin v27.3 - https:\/\/yoast.com\/product\/yoast-seo-wordpress\/ -->\n<title>Rechtsanwalt Kiel Philipp Marquort Fachanwalt f\u00fcr Strafrecht<\/title>\n<meta name=\"description\" content=\"Fachanwalt f\u00fcr Strafrecht, Rechtsanwalt Kiel, Philipp Marquort, Strafrecht\" \/>\n<meta name=\"robots\" content=\"index, follow, max-snippet:-1, max-image-preview:large, max-video-preview:-1\" \/>\n<link rel=\"canonical\" href=\"https:\/\/marquort.de\/es\/\" \/>\n<meta name=\"twitter:label1\" content=\"Tiempo de lectura\" \/>\n\t<meta name=\"twitter:data1\" content=\"3 minutos\" \/>\n<script type=\"application\/ld+json\" class=\"yoast-schema-graph\">{\"@context\":\"https:\\\/\\\/schema.org\",\"@graph\":[{\"@type\":\"WebPage\",\"@id\":\"https:\\\/\\\/marquort.de\\\/es\\\/\",\"url\":\"https:\\\/\\\/marquort.de\\\/es\\\/\",\"name\":\"Rechtsanwalt Kiel Philipp Marquort Fachanwalt f\u00fcr Strafrecht\",\"isPartOf\":{\"@id\":\"https:\\\/\\\/marquort.de\\\/es\\\/#website\"},\"datePublished\":\"2025-12-26T12:34:01+00:00\",\"description\":\"Fachanwalt f\u00fcr Strafrecht, Rechtsanwalt Kiel, Philipp Marquort, Strafrecht\",\"breadcrumb\":{\"@id\":\"https:\\\/\\\/marquort.de\\\/es\\\/#breadcrumb\"},\"inLanguage\":\"es\",\"potentialAction\":[{\"@type\":\"ReadAction\",\"target\":[\"https:\\\/\\\/marquort.de\\\/es\\\/\"]}]},{\"@type\":\"BreadcrumbList\",\"@id\":\"https:\\\/\\\/marquort.de\\\/es\\\/#breadcrumb\",\"itemListElement\":[{\"@type\":\"ListItem\",\"position\":1,\"name\":\"Home\",\"item\":\"https:\\\/\\\/marquort.de\\\/es\\\/\"},{\"@type\":\"ListItem\",\"position\":2,\"name\":\"Abogado Philipp Marquort, especialista en Derecho penal de Kiel\"}]},{\"@type\":\"WebSite\",\"@id\":\"https:\\\/\\\/marquort.de\\\/es\\\/#website\",\"url\":\"https:\\\/\\\/marquort.de\\\/es\\\/\",\"name\":\"Fachanwalt f\u00fcr Strafrecht\",\"description\":\"Rechtsanwalt Philipp Marquort\",\"potentialAction\":[{\"@type\":\"SearchAction\",\"target\":{\"@type\":\"EntryPoint\",\"urlTemplate\":\"https:\\\/\\\/marquort.de\\\/es\\\/?s={search_term_string}\"},\"query-input\":{\"@type\":\"PropertyValueSpecification\",\"valueRequired\":true,\"valueName\":\"search_term_string\"}}],\"inLanguage\":\"es\"}]}<\/script>\n<!-- \/ Yoast SEO plugin. -->","yoast_head_json":{"title":"Rechtsanwalt Kiel Philipp Marquort Fachanwalt f\u00fcr Strafrecht","description":"Fachanwalt f\u00fcr Strafrecht, Rechtsanwalt Kiel, Philipp Marquort, Strafrecht","robots":{"index":"index","follow":"follow","max-snippet":"max-snippet:-1","max-image-preview":"max-image-preview:large","max-video-preview":"max-video-preview:-1"},"canonical":"https:\/\/marquort.de\/es\/","twitter_misc":{"Tiempo de lectura":"3 minutos"},"schema":{"@context":"https:\/\/schema.org","@graph":[{"@type":"WebPage","@id":"https:\/\/marquort.de\/es\/","url":"https:\/\/marquort.de\/es\/","name":"Rechtsanwalt Kiel Philipp Marquort Fachanwalt f\u00fcr Strafrecht","isPartOf":{"@id":"https:\/\/marquort.de\/es\/#website"},"datePublished":"2025-12-26T12:34:01+00:00","description":"Fachanwalt f\u00fcr Strafrecht, Rechtsanwalt Kiel, Philipp Marquort, Strafrecht","breadcrumb":{"@id":"https:\/\/marquort.de\/es\/#breadcrumb"},"inLanguage":"es","potentialAction":[{"@type":"ReadAction","target":["https:\/\/marquort.de\/es\/"]}]},{"@type":"BreadcrumbList","@id":"https:\/\/marquort.de\/es\/#breadcrumb","itemListElement":[{"@type":"ListItem","position":1,"name":"Home","item":"https:\/\/marquort.de\/es\/"},{"@type":"ListItem","position":2,"name":"Abogado Philipp Marquort, especialista en Derecho penal de Kiel"}]},{"@type":"WebSite","@id":"https:\/\/marquort.de\/es\/#website","url":"https:\/\/marquort.de\/es\/","name":"Fachanwalt f\u00fcr Strafrecht","description":"Rechtsanwalt Philipp Marquort","potentialAction":[{"@type":"SearchAction","target":{"@type":"EntryPoint","urlTemplate":"https:\/\/marquort.de\/es\/?s={search_term_string}"},"query-input":{"@type":"PropertyValueSpecification","valueRequired":true,"valueName":"search_term_string"}}],"inLanguage":"es"}]}},"_links":{"self":[{"href":"https:\/\/marquort.de\/es\/wp-json\/wp\/v2\/pages\/1569","targetHints":{"allow":["GET"]}}],"collection":[{"href":"https:\/\/marquort.de\/es\/wp-json\/wp\/v2\/pages"}],"about":[{"href":"https:\/\/marquort.de\/es\/wp-json\/wp\/v2\/types\/page"}],"author":[{"embeddable":true,"href":"https:\/\/marquort.de\/es\/wp-json\/wp\/v2\/users\/4"}],"replies":[{"embeddable":true,"href":"https:\/\/marquort.de\/es\/wp-json\/wp\/v2\/comments?post=1569"}],"version-history":[{"count":2,"href":"https:\/\/marquort.de\/es\/wp-json\/wp\/v2\/pages\/1569\/revisions"}],"predecessor-version":[{"id":1572,"href":"https:\/\/marquort.de\/es\/wp-json\/wp\/v2\/pages\/1569\/revisions\/1572"}],"wp:attachment":[{"href":"https:\/\/marquort.de\/es\/wp-json\/wp\/v2\/media?parent=1569"}],"curies":[{"name":"wp","href":"https:\/\/api.w.org\/{rel}","templated":true}]}}