{"id":1577,"date":"2022-01-07T17:46:57","date_gmt":"2022-01-07T15:46:57","guid":{"rendered":"https:\/\/marquort.de\/anwalt\/"},"modified":"2024-02-13T19:45:15","modified_gmt":"2024-02-13T17:45:15","slug":"sobre_mi","status":"publish","type":"page","link":"https:\/\/marquort.de\/es\/sobre_mi\/","title":{"rendered":"Sobre m\u00ed Anwalt"},"content":{"rendered":"<p><img loading=\"lazy\" decoding=\"async\" class=\"alignnone wp-image-1417\" src=\"https:\/\/marquort.de\/media\/2022\/01\/DSC_8265_fertige.png\" alt=\"\" width=\"343\" height=\"515\" \/><\/p>\n<h1 style=\"text-align: center;\"><strong>Yo. Le. Defiendo.<\/strong><\/h1>\n<p>&nbsp;<\/p>\n<p>Nac\u00ed en Kiel en 1973. Al finalizar la escuela primaria, asist\u00ed al instituto de educaci\u00f3n secundaria Heinrich-Heine-Gymnasium en el distrito de Pl\u00f6n. Tras terminar el bachillerato en 1995, hice el servicio militar en Flensburg. Despu\u00e9s, estudi\u00e9 Derecho en la CAU de Kiel y finalic\u00e9 mis estudios en 2001. Realic\u00e9 mi pasant\u00eda en el Tribunal Regional Superior de Schleswig-Holstein. Al principio trabaj\u00e9 como abogado en pr\u00e1cticas en la fiscal\u00eda de Kiel. Termin\u00e9 mi pasant\u00eda en marzo de 2004 con el segundo examen estatal.<\/p>\n<p>Me colegi\u00e9 en el Colegio de Abogados de Schleswig-Holstein el 31 de marzo de 2004.<\/p>\n<p>Estoy casado y tengo 2 hijos.<\/p>\n<blockquote><p><em>\u00abTodos estamos hechos para lo que hacemos\u00bb.<\/em><\/p><\/blockquote>\n<p><cite>Ernest Hemmingway<\/cite><\/p>\n<p>&nbsp;<\/p>\n<p>Por qu\u00e9 me hice abogado penalista es una pregunta que a\u00fan hoy me hacen a menudo. \u00abTus clientes han hecho cosas terribles. No puedes defenderlos a ellos tambi\u00e9n\u00bb. He o\u00eddo a menudo este y otros argumentos. Muchas personas de las m\u00e1s diversas clases sociales con los m\u00e1s diversos niveles educativos. Desde alemanes, europeos, inmigrantes, negros, blancos e hispanos. Incluso entre colegas, este tema es controvertido. En una ocasi\u00f3n, un colega me llam\u00f3 \u00abc\u00f3mplice\u00bb en el calor del momento porque mi estrategia de defensa hizo que mi cliente acabara siendo absuelto.<\/p>\n<p>&nbsp;<\/p>\n<p>El hecho de que algunos de mis clientes hayan cometido delitos graves, y a veces incluso atroces, si nos atenemos a los titulares de la prensa, nunca me ha impedido asumir su defensa. Mi convicci\u00f3n de que toda persona sometida a un proceso penal, sea blanca o negra, de derechas o de izquierdas, hombre o mujer, tiene derecho a un juicio justo me ha permitido siempre asumir la defensa. Los abogados, en particular, me preguntan a menudo: \u00ab\u00bfY si sabes que tu cliente es culpable, pero es absuelto gracias a tu defensa?\u00bb. \u00abEse es nuestro Estado de Derecho. Y es bueno que funcione as\u00ed. Es mejor ayudar a un culpable a ser absuelto que enviar a un inocente a la c\u00e1rcel\u00bb.<\/p>\n<p>&nbsp;<\/p>\n<p>Mi trabajo consiste en apoyar al acusado o al imputado en todas las situaciones del proceso y lograr el mejor resultado posible. Ya no puedo cambiar el pasado. Pero puedo intentar forjar el futuro de mis clientes de la mejor manera posible a trav\u00e9s de la defensa penal.<\/p>\n<p>&nbsp;<\/p>\n","protected":false},"excerpt":{"rendered":"<p>Yo. Le. Defiendo. &nbsp; Nac\u00ed en Kiel en 1973. Al finalizar la escuela primaria, asist\u00ed al instituto de educaci\u00f3n secundaria Heinrich-Heine-Gymnasium en el distrito de Pl\u00f6n. Tras terminar el bachillerato en 1995, hice el servicio militar en Flensburg. Despu\u00e9s, estudi\u00e9 Derecho en la CAU de Kiel y finalic\u00e9 mis estudios en 2001. Realic\u00e9 mi pasant\u00eda [&hellip;]<\/p>\n","protected":false},"author":4,"featured_media":0,"parent":0,"menu_order":0,"comment_status":"closed","ping_status":"closed","template":"details.php","meta":{"footnotes":""},"class_list":["post-1577","page","type-page","status-publish","hentry"],"yoast_head":"<!-- This site is optimized with the Yoast SEO plugin v27.3 - https:\/\/yoast.com\/product\/yoast-seo-wordpress\/ -->\n<title>Sobre m\u00ed Anwalt - Fachanwalt f\u00fcr Strafrecht<\/title>\n<meta name=\"robots\" content=\"index, follow, max-snippet:-1, max-image-preview:large, max-video-preview:-1\" \/>\n<link rel=\"canonical\" href=\"https:\/\/marquort.de\/es\/sobre_mi\/\" \/>\n<meta name=\"twitter:label1\" content=\"Tiempo de lectura\" \/>\n\t<meta name=\"twitter:data1\" content=\"3 minutos\" \/>\n<script type=\"application\/ld+json\" class=\"yoast-schema-graph\">{\"@context\":\"https:\\\/\\\/schema.org\",\"@graph\":[{\"@type\":\"WebPage\",\"@id\":\"https:\\\/\\\/marquort.de\\\/es\\\/sobre_mi\\\/\",\"url\":\"https:\\\/\\\/marquort.de\\\/es\\\/sobre_mi\\\/\",\"name\":\"Sobre m\u00ed Anwalt - Fachanwalt f\u00fcr Strafrecht\",\"isPartOf\":{\"@id\":\"https:\\\/\\\/marquort.de\\\/es\\\/#website\"},\"primaryImageOfPage\":{\"@id\":\"https:\\\/\\\/marquort.de\\\/es\\\/sobre_mi\\\/#primaryimage\"},\"image\":{\"@id\":\"https:\\\/\\\/marquort.de\\\/es\\\/sobre_mi\\\/#primaryimage\"},\"thumbnailUrl\":\"https:\\\/\\\/marquort.de\\\/media\\\/2022\\\/01\\\/DSC_8265_fertige.png\",\"datePublished\":\"2022-01-07T15:46:57+00:00\",\"dateModified\":\"2024-02-13T17:45:15+00:00\",\"breadcrumb\":{\"@id\":\"https:\\\/\\\/marquort.de\\\/es\\\/sobre_mi\\\/#breadcrumb\"},\"inLanguage\":\"es\",\"potentialAction\":[{\"@type\":\"ReadAction\",\"target\":[\"https:\\\/\\\/marquort.de\\\/es\\\/sobre_mi\\\/\"]}]},{\"@type\":\"ImageObject\",\"inLanguage\":\"es\",\"@id\":\"https:\\\/\\\/marquort.de\\\/es\\\/sobre_mi\\\/#primaryimage\",\"url\":\"https:\\\/\\\/marquort.de\\\/media\\\/2022\\\/01\\\/DSC_8265_fertige.png\",\"contentUrl\":\"https:\\\/\\\/marquort.de\\\/media\\\/2022\\\/01\\\/DSC_8265_fertige.png\"},{\"@type\":\"BreadcrumbList\",\"@id\":\"https:\\\/\\\/marquort.de\\\/es\\\/sobre_mi\\\/#breadcrumb\",\"itemListElement\":[{\"@type\":\"ListItem\",\"position\":1,\"name\":\"Home\",\"item\":\"https:\\\/\\\/marquort.de\\\/es\\\/\"},{\"@type\":\"ListItem\",\"position\":2,\"name\":\"Sobre m\u00ed Anwalt\"}]},{\"@type\":\"WebSite\",\"@id\":\"https:\\\/\\\/marquort.de\\\/es\\\/#website\",\"url\":\"https:\\\/\\\/marquort.de\\\/es\\\/\",\"name\":\"Fachanwalt f\u00fcr Strafrecht\",\"description\":\"Rechtsanwalt Philipp Marquort\",\"potentialAction\":[{\"@type\":\"SearchAction\",\"target\":{\"@type\":\"EntryPoint\",\"urlTemplate\":\"https:\\\/\\\/marquort.de\\\/es\\\/?s={search_term_string}\"},\"query-input\":{\"@type\":\"PropertyValueSpecification\",\"valueRequired\":true,\"valueName\":\"search_term_string\"}}],\"inLanguage\":\"es\"}]}<\/script>\n<!-- \/ Yoast SEO plugin. -->","yoast_head_json":{"title":"Sobre m\u00ed Anwalt - Fachanwalt f\u00fcr Strafrecht","robots":{"index":"index","follow":"follow","max-snippet":"max-snippet:-1","max-image-preview":"max-image-preview:large","max-video-preview":"max-video-preview:-1"},"canonical":"https:\/\/marquort.de\/es\/sobre_mi\/","twitter_misc":{"Tiempo de lectura":"3 minutos"},"schema":{"@context":"https:\/\/schema.org","@graph":[{"@type":"WebPage","@id":"https:\/\/marquort.de\/es\/sobre_mi\/","url":"https:\/\/marquort.de\/es\/sobre_mi\/","name":"Sobre m\u00ed Anwalt - Fachanwalt f\u00fcr Strafrecht","isPartOf":{"@id":"https:\/\/marquort.de\/es\/#website"},"primaryImageOfPage":{"@id":"https:\/\/marquort.de\/es\/sobre_mi\/#primaryimage"},"image":{"@id":"https:\/\/marquort.de\/es\/sobre_mi\/#primaryimage"},"thumbnailUrl":"https:\/\/marquort.de\/media\/2022\/01\/DSC_8265_fertige.png","datePublished":"2022-01-07T15:46:57+00:00","dateModified":"2024-02-13T17:45:15+00:00","breadcrumb":{"@id":"https:\/\/marquort.de\/es\/sobre_mi\/#breadcrumb"},"inLanguage":"es","potentialAction":[{"@type":"ReadAction","target":["https:\/\/marquort.de\/es\/sobre_mi\/"]}]},{"@type":"ImageObject","inLanguage":"es","@id":"https:\/\/marquort.de\/es\/sobre_mi\/#primaryimage","url":"https:\/\/marquort.de\/media\/2022\/01\/DSC_8265_fertige.png","contentUrl":"https:\/\/marquort.de\/media\/2022\/01\/DSC_8265_fertige.png"},{"@type":"BreadcrumbList","@id":"https:\/\/marquort.de\/es\/sobre_mi\/#breadcrumb","itemListElement":[{"@type":"ListItem","position":1,"name":"Home","item":"https:\/\/marquort.de\/es\/"},{"@type":"ListItem","position":2,"name":"Sobre m\u00ed Anwalt"}]},{"@type":"WebSite","@id":"https:\/\/marquort.de\/es\/#website","url":"https:\/\/marquort.de\/es\/","name":"Fachanwalt f\u00fcr Strafrecht","description":"Rechtsanwalt Philipp Marquort","potentialAction":[{"@type":"SearchAction","target":{"@type":"EntryPoint","urlTemplate":"https:\/\/marquort.de\/es\/?s={search_term_string}"},"query-input":{"@type":"PropertyValueSpecification","valueRequired":true,"valueName":"search_term_string"}}],"inLanguage":"es"}]}},"_links":{"self":[{"href":"https:\/\/marquort.de\/es\/wp-json\/wp\/v2\/pages\/1577","targetHints":{"allow":["GET"]}}],"collection":[{"href":"https:\/\/marquort.de\/es\/wp-json\/wp\/v2\/pages"}],"about":[{"href":"https:\/\/marquort.de\/es\/wp-json\/wp\/v2\/types\/page"}],"author":[{"embeddable":true,"href":"https:\/\/marquort.de\/es\/wp-json\/wp\/v2\/users\/4"}],"replies":[{"embeddable":true,"href":"https:\/\/marquort.de\/es\/wp-json\/wp\/v2\/comments?post=1577"}],"version-history":[{"count":3,"href":"https:\/\/marquort.de\/es\/wp-json\/wp\/v2\/pages\/1577\/revisions"}],"predecessor-version":[{"id":1642,"href":"https:\/\/marquort.de\/es\/wp-json\/wp\/v2\/pages\/1577\/revisions\/1642"}],"wp:attachment":[{"href":"https:\/\/marquort.de\/es\/wp-json\/wp\/v2\/media?parent=1577"}],"curies":[{"name":"wp","href":"https:\/\/api.w.org\/{rel}","templated":true}]}}