{"id":1581,"date":"2022-01-06T19:38:52","date_gmt":"2022-01-06T17:38:52","guid":{"rendered":"https:\/\/marquort.de\/strafrecht\/"},"modified":"2024-02-13T19:50:35","modified_gmt":"2024-02-13T17:50:35","slug":"derecho_penal","status":"publish","type":"page","link":"https:\/\/marquort.de\/es\/derecho_penal\/","title":{"rendered":"Derecho penal"},"content":{"rendered":"<p><\/p>\n<p>Le represento en diversos procedimientos.<\/p>\n<h1 style=\"text-align: center;\"><strong>Yo. Le. Defiendo<\/strong>.<\/h1>\n<p>A continuaci\u00f3n, le expongo brevemente los procedimientos y las fases procesales en los que le defender\u00e9.<\/p>\n<p>Atenci\u00f3n: El abogado Marquort s\u00f3lo habla alem\u00e1n e ingl\u00e9s. Para la comunicaci\u00f3n en otros idiomas se requiere un int\u00e9rprete. Para la comunicaci\u00f3n escrita es posible redactar un correo electr\u00f3nico por medio de traducci\u00f3n autom\u00e1tica.<\/p>\n<p>&nbsp;<\/p>\n<h2><strong>Defensa penal<\/strong><\/h2>\n<p>En Derecho penal general, represento regularmente a mis clientes cuando se enfrentan a los siguientes cargos, entre otros:<\/p>\n<ul>\n<li>Asesinato, homicidio, homicidio involuntario<\/li>\n<li>Lesiones, lesiones graves, lesiones culposas<\/li>\n<li>Derecho penal relativo a estupefacientes, posesi\u00f3n, tr\u00e1fico, transferencia, importaci\u00f3n, exportaci\u00f3n<\/li>\n<li>Delitos de incendio<\/li>\n<li>Delitos contra la propiedad, como robo, fraude, malversaci\u00f3n<\/li>\n<li>Delitos contra la libertad sexual, como violaci\u00f3n, agresi\u00f3n sexual<\/li>\n<li>Blanqueo de dinero, falsificaci\u00f3n, confiscaci\u00f3n de bienes de origen delictivo<\/li>\n<li>Insultos, difamaci\u00f3n, calumnia<\/li>\n<\/ul>\n<p>&nbsp;<\/p>\n<p><strong>Derecho penal mercantil<\/strong><\/p>\n<p>En materia de Derecho penal mercantil, defiendo regularmente a mis clientes, cuando se enfrentan a los siguientes cargos, entre otros:<\/p>\n<ul>\n<li>Confiscaci\u00f3n de bienes, aseguramiento, incautaci\u00f3n<\/li>\n<li>Fraude, malversaci\u00f3n<\/li>\n<li>Fraude fiscal, evasi\u00f3n de impuestos<\/li>\n<li>Infracciones contra el derecho de la competencia, el derecho de marcas, el derecho de autor<\/li>\n<li>Corrupci\u00f3n, cohecho activo, cohecho pasivo, cohecho en transacciones comerciales<\/li>\n<li>Delitos contra el medio ambiente<\/li>\n<li>Delitos de insolvencia, retraso en la declaraci\u00f3n de insolvencia, favorecimiento de acreedores<\/li>\n<\/ul>\n<p>&nbsp;<\/p>\n<p><\/p>\n<p><\/p>\n<h2 class=\"wp-block-heading\"><strong>En cada fase del proceso<\/strong><\/h2>\n<p>Defiendo a mis clientes en todas las fases del proceso.<\/p>\n<ul>\n<li>Instrucci\u00f3n del sumario (escrito de la polic\u00eda o de la fiscal\u00eda)<\/li>\n<li>Del tribunal con el env\u00edo de un escrito de acusaci\u00f3n o de una orden penal<\/li>\n<li>En el marco de la vista principal (el tribunal ya ha se\u00f1alado una fecha para la vista)<\/li>\n<li>En la apelaci\u00f3n o casaci\u00f3n (se ha dictado una sentencia, pero a\u00fan no tiene car\u00e1cter firme)<\/li>\n<\/ul>\n<p>&nbsp;<\/p>\n<h2 style=\"text-align: center;\"><strong>Yo. Le. Defiendo.<\/strong><\/h2>\n<p><\/p>\n<p><\/p>\n","protected":false},"excerpt":{"rendered":"<p>Le represento en diversos procedimientos. Yo. Le. Defiendo. A continuaci\u00f3n, le expongo brevemente los procedimientos y las fases procesales en los que le defender\u00e9. Atenci\u00f3n: El abogado Marquort s\u00f3lo habla alem\u00e1n e ingl\u00e9s. Para la comunicaci\u00f3n en otros idiomas se requiere un int\u00e9rprete. Para la comunicaci\u00f3n escrita es posible redactar un correo electr\u00f3nico por medio [&hellip;]<\/p>\n","protected":false},"author":4,"featured_media":0,"parent":0,"menu_order":0,"comment_status":"closed","ping_status":"closed","template":"","meta":{"footnotes":""},"class_list":["post-1581","page","type-page","status-publish","hentry"],"yoast_head":"<!-- This site is optimized with the Yoast SEO plugin v27.4 - https:\/\/yoast.com\/product\/yoast-seo-wordpress\/ -->\n<title>Derecho penal - Fachanwalt f\u00fcr Strafrecht<\/title>\n<meta name=\"description\" content=\"Wir vertreten Mandanten im Strafrecht. Hier ein Auszug, in welchen strafrechtlichen Verfahren wir auch Sie vertreten k\u00f6nnen.\" \/>\n<meta name=\"robots\" content=\"index, follow, max-snippet:-1, max-image-preview:large, max-video-preview:-1\" \/>\n<link rel=\"canonical\" href=\"https:\/\/marquort.de\/es\/derecho_penal\/\" \/>\n<meta name=\"twitter:label1\" content=\"Tiempo de lectura\" \/>\n\t<meta name=\"twitter:data1\" content=\"2 minutos\" \/>\n<script type=\"application\/ld+json\" class=\"yoast-schema-graph\">{\"@context\":\"https:\\\/\\\/schema.org\",\"@graph\":[{\"@type\":\"WebPage\",\"@id\":\"https:\\\/\\\/marquort.de\\\/es\\\/derecho_penal\\\/\",\"url\":\"https:\\\/\\\/marquort.de\\\/es\\\/derecho_penal\\\/\",\"name\":\"Derecho penal - Fachanwalt f\u00fcr Strafrecht\",\"isPartOf\":{\"@id\":\"https:\\\/\\\/marquort.de\\\/es\\\/#website\"},\"datePublished\":\"2022-01-06T17:38:52+00:00\",\"dateModified\":\"2024-02-13T17:50:35+00:00\",\"description\":\"Wir vertreten Mandanten im Strafrecht. Hier ein Auszug, in welchen strafrechtlichen Verfahren wir auch Sie vertreten k\u00f6nnen.\",\"breadcrumb\":{\"@id\":\"https:\\\/\\\/marquort.de\\\/es\\\/derecho_penal\\\/#breadcrumb\"},\"inLanguage\":\"es\",\"potentialAction\":[{\"@type\":\"ReadAction\",\"target\":[\"https:\\\/\\\/marquort.de\\\/es\\\/derecho_penal\\\/\"]}]},{\"@type\":\"BreadcrumbList\",\"@id\":\"https:\\\/\\\/marquort.de\\\/es\\\/derecho_penal\\\/#breadcrumb\",\"itemListElement\":[{\"@type\":\"ListItem\",\"position\":1,\"name\":\"Home\",\"item\":\"https:\\\/\\\/marquort.de\\\/es\\\/\"},{\"@type\":\"ListItem\",\"position\":2,\"name\":\"Derecho penal\"}]},{\"@type\":\"WebSite\",\"@id\":\"https:\\\/\\\/marquort.de\\\/es\\\/#website\",\"url\":\"https:\\\/\\\/marquort.de\\\/es\\\/\",\"name\":\"Fachanwalt f\u00fcr Strafrecht\",\"description\":\"Rechtsanwalt Philipp Marquort\",\"potentialAction\":[{\"@type\":\"SearchAction\",\"target\":{\"@type\":\"EntryPoint\",\"urlTemplate\":\"https:\\\/\\\/marquort.de\\\/es\\\/?s={search_term_string}\"},\"query-input\":{\"@type\":\"PropertyValueSpecification\",\"valueRequired\":true,\"valueName\":\"search_term_string\"}}],\"inLanguage\":\"es\"}]}<\/script>\n<!-- \/ Yoast SEO plugin. -->","yoast_head_json":{"title":"Derecho penal - Fachanwalt f\u00fcr Strafrecht","description":"Wir vertreten Mandanten im Strafrecht. Hier ein Auszug, in welchen strafrechtlichen Verfahren wir auch Sie vertreten k\u00f6nnen.","robots":{"index":"index","follow":"follow","max-snippet":"max-snippet:-1","max-image-preview":"max-image-preview:large","max-video-preview":"max-video-preview:-1"},"canonical":"https:\/\/marquort.de\/es\/derecho_penal\/","twitter_misc":{"Tiempo de lectura":"2 minutos"},"schema":{"@context":"https:\/\/schema.org","@graph":[{"@type":"WebPage","@id":"https:\/\/marquort.de\/es\/derecho_penal\/","url":"https:\/\/marquort.de\/es\/derecho_penal\/","name":"Derecho penal - Fachanwalt f\u00fcr Strafrecht","isPartOf":{"@id":"https:\/\/marquort.de\/es\/#website"},"datePublished":"2022-01-06T17:38:52+00:00","dateModified":"2024-02-13T17:50:35+00:00","description":"Wir vertreten Mandanten im Strafrecht. Hier ein Auszug, in welchen strafrechtlichen Verfahren wir auch Sie vertreten k\u00f6nnen.","breadcrumb":{"@id":"https:\/\/marquort.de\/es\/derecho_penal\/#breadcrumb"},"inLanguage":"es","potentialAction":[{"@type":"ReadAction","target":["https:\/\/marquort.de\/es\/derecho_penal\/"]}]},{"@type":"BreadcrumbList","@id":"https:\/\/marquort.de\/es\/derecho_penal\/#breadcrumb","itemListElement":[{"@type":"ListItem","position":1,"name":"Home","item":"https:\/\/marquort.de\/es\/"},{"@type":"ListItem","position":2,"name":"Derecho penal"}]},{"@type":"WebSite","@id":"https:\/\/marquort.de\/es\/#website","url":"https:\/\/marquort.de\/es\/","name":"Fachanwalt f\u00fcr Strafrecht","description":"Rechtsanwalt Philipp Marquort","potentialAction":[{"@type":"SearchAction","target":{"@type":"EntryPoint","urlTemplate":"https:\/\/marquort.de\/es\/?s={search_term_string}"},"query-input":{"@type":"PropertyValueSpecification","valueRequired":true,"valueName":"search_term_string"}}],"inLanguage":"es"}]}},"_links":{"self":[{"href":"https:\/\/marquort.de\/es\/wp-json\/wp\/v2\/pages\/1581","targetHints":{"allow":["GET"]}}],"collection":[{"href":"https:\/\/marquort.de\/es\/wp-json\/wp\/v2\/pages"}],"about":[{"href":"https:\/\/marquort.de\/es\/wp-json\/wp\/v2\/types\/page"}],"author":[{"embeddable":true,"href":"https:\/\/marquort.de\/es\/wp-json\/wp\/v2\/users\/4"}],"replies":[{"embeddable":true,"href":"https:\/\/marquort.de\/es\/wp-json\/wp\/v2\/comments?post=1581"}],"version-history":[{"count":3,"href":"https:\/\/marquort.de\/es\/wp-json\/wp\/v2\/pages\/1581\/revisions"}],"predecessor-version":[{"id":1643,"href":"https:\/\/marquort.de\/es\/wp-json\/wp\/v2\/pages\/1581\/revisions\/1643"}],"wp:attachment":[{"href":"https:\/\/marquort.de\/es\/wp-json\/wp\/v2\/media?parent=1581"}],"curies":[{"name":"wp","href":"https:\/\/api.w.org\/{rel}","templated":true}]}}