{"id":1587,"date":"2022-01-14T15:30:16","date_gmt":"2022-01-14T13:30:16","guid":{"rendered":"https:\/\/marquort.de\/ermittlungsverfahren\/"},"modified":"2024-02-13T19:45:51","modified_gmt":"2024-02-13T17:45:51","slug":"instruccion_del_sumario","status":"publish","type":"page","link":"https:\/\/marquort.de\/es\/instruccion_del_sumario\/","title":{"rendered":"Instrucci\u00f3n del sumario"},"content":{"rendered":"<p>Todos los procedimientos penales en Alemania comienzan con la apertura de una investigaci\u00f3n preliminar por parte del \u00f3rgano instructor. Los \u00f3rganos instructores son la polic\u00eda, la fiscal\u00eda, la aduana y el departamento de investigaci\u00f3n tributaria. Los \u00f3rganos instructores inician un procedimiento penal cuando tienen conocimiento de hechos que hacen sospechar que se ha cometido un delito. Se trata de la denominada sospecha inicial, de conformidad con el art\u00edculo 152, apartado 2, del C\u00f3digo Penal alem\u00e1n.<\/p>\n<p>&nbsp;<\/p>\n<h1 style=\"text-align: center;\"><strong>Yo. Le. Defiendo.<\/strong><\/h1>\n<p>Atenci\u00f3n: El abogado Marquort s\u00f3lo habla alem\u00e1n e ingl\u00e9s. Para la comunicaci\u00f3n en otros idiomas se requiere un int\u00e9rprete. Para la comunicaci\u00f3n escrita es posible redactar un correo electr\u00f3nico por medio de traducci\u00f3n autom\u00e1tica.<\/p>\n<p>En la mayor\u00eda de los casos, se obtiene conocimiento a partir de una denuncia. La denuncia la presenta un ciudadano ante la polic\u00eda. Sin embargo, cualquier persona tambi\u00e9n puede presentar una denuncia de forma independiente. La polic\u00eda tambi\u00e9n puede iniciar un procedimiento penal de oficio. Este es el caso cuando los agentes de polic\u00eda tienen conocimiento de que se est\u00e1 cometiendo un delito. Los tribunales tambi\u00e9n pueden enviar expedientes judiciales a la fiscal\u00eda despu\u00e9s de la conclusi\u00f3n de los procedimientos para que se compruebe si se ha cometido un delito durante el juicio o con anterioridad. Esto ocurre de vez en cuando despu\u00e9s de un procedimiento civil. El juez lo hace si hay sospechas de falso testimonio o fraude procesal En el pasado, tambi\u00e9n ha ocurrido que la fiscal\u00eda haya incoado diligencias preliminares bas\u00e1ndose en informaciones de prensa.<\/p>\n<p>Los hechos relevantes del caso son investigados por la polic\u00eda, las aduanas o el departamento de investigaci\u00f3n tributaria. La polic\u00eda interroga a los testigos, recopila documentos, confisca pruebas y, a continuaci\u00f3n, presenta los expedientes y las pruebas a la fiscal\u00eda para que tome una decisi\u00f3n. Esto puede ocurrir en una fase temprana de la investigaci\u00f3n si la polic\u00eda quiere una decisi\u00f3n interlocutoria de la fiscal\u00eda o si hay que presentar solicitudes en el procedimiento penal.<\/p>\n<p>&nbsp;<\/p>\n<h2><strong>Comprobaci\u00f3n en la fase sumarial por parte del ministerio fiscal<\/strong><\/h2>\n<p>La fiscal\u00eda examina los hechos que le presentan los dem\u00e1s \u00f3rganos instructores. La fiscal\u00eda eval\u00faa los hechos y luego decide c\u00f3mo deben proseguir las investigaciones. Para ello puede presentar solicitudes al juez de instrucci\u00f3n (solicitud de orden de registro, solicitud de interrogatorio por un juez, solicitud de vigilancia de las telecomunicaciones, solicitud de orden de detenci\u00f3n). La fiscal\u00eda debe examinar si existen sospechas fundadas \u2013v. art\u00edculo 170, apdo. 1 de la Ley de Enjuiciamiento Criminal alemana (StPO)\u2013 contra el acusado. Esto se hace reuniendo pruebas. Por regla general, estas investigaciones las llevan a cabo los investigadores de la fiscal\u00eda. Suelen ser agentes de polic\u00eda. Por ejemplo, realizan interrogatorios en nombre de la fiscal\u00eda o recogen pruebas en el lugar del delito.<\/p>\n<p>Una vez que se han reunido todas las pruebas necesarias y el imputado ha tenido la oportunidad de manifestarse sobre el caso, la fiscal\u00eda decide c\u00f3mo debe concluir la investigaci\u00f3n. La fiscal\u00eda puede promover la acusaci\u00f3n p\u00fablica (art\u00edculo 170, apdo. 1 StPO), suspender el procedimiento por razones de conveniencia (art\u00edculo 153 StPO, art\u00edculo 153a StPO, art\u00edculo 31a BtMG) o sobreseer el procedimiento por falta de indicios suficientes (art\u00edculo 170, apdo. 2 StPO).<\/p>\n<p>&nbsp;<\/p>\n<h2>\u00bf<strong>C\u00f3mo debe comportarse como investigado en el procedimiento sumarial?<\/strong><\/h2>\n<p>Si se ha enterado de que se est\u00e1 llevando a cabo una investigaci\u00f3n contra usted, esto no significa que el \u00abni\u00f1o ya haya ca\u00eddo en el pozo\u00bb.<\/p>\n<p>Deber\u00eda ejercer su derecho a guardar silencio \u2013v. art\u00edculo 136, apdo. 1, inciso 2 StPO\u2013. En \u00e9l se establece (versi\u00f3n del 14 de enero de 2022):<\/p>\n<blockquote><p>El investigado debe ser informado de que, seg\u00fan la ley, es libre de pronunciarse sobre la acusaci\u00f3n o de no declarar sobre los hechos y de consultar a un abogado defensor de su elecci\u00f3n en cualquier momento, incluso antes de ser interrogado.<\/p><\/blockquote>\n<p>&nbsp;<\/p>\n<h2><strong>Contratar a un abogado penalista durante el procedimiento sumarial<\/strong><\/h2>\n<p>Deber\u00eda contratar inmediatamente a un abogado penalista con experiencia, preferiblemente un abogado especializado en Derecho penal, para que le represente durante el procedimiento sumarial. Porque \u00abel ni\u00f1o a\u00fan no ha ca\u00eddo en el pozo\u00bb. Por el contrario, un abogado penalista con experiencia tiene la oportunidad de influir en el procedimiento en esta fase y ponerle fin antes incluso de que se presenten cargos. Por lo tanto, es importante que se ponga en contacto con un abogado penalista en cuanto tenga conocimiento de las diligencias sumariales para evitar perder un tiempo valioso.<\/p>\n<p>&nbsp;<\/p>\n<h2><strong>\u00bfC\u00f3mo saber si est\u00e1 siendo investigado?<\/strong><\/h2>\n<h3>Se le pide que presente una declaraci\u00f3n por escrito<\/h3>\n<p>En esta carta se le informa que est\u00e1 siendo objeto de una investigaci\u00f3n y se le ofrece la oportunidad de manifestarse al respecto. Sin embargo, usted no est\u00e1 obligado a responder a esta carta. S\u00f3lo est\u00e1 obligado a dar su nombre y direcci\u00f3n a la polic\u00eda. Normalmente, ni siquiera es necesario que lo haga, puesto que ya ha recibido una carta con la direcci\u00f3n correcta. Por lo tanto, s\u00f3lo se le puede aconsejar que no reaccione ante esta carta, pero en ning\u00fan caso que facilite informaci\u00f3n alguna a la polic\u00eda. Lo mejor es consultar a un abogado penalista, quien puede solicitar en su nombre el acceso al expediente.<\/p>\n<p>&nbsp;<\/p>\n<h3>Recibe una citaci\u00f3n de la polic\u00eda<\/h3>\n<p>En este caso ocurre lo mismo que con la solicitud de declaraci\u00f3n por escrito. No est\u00e1 obligado a facilitar a la polic\u00eda informaci\u00f3n sobre el caso. Haga uso de su derecho a guardar silencio. Todav\u00eda no tiene acceso al expediente y, por tanto, no sabe hasta qu\u00e9 punto est\u00e1n fundadas las acusaciones. Es mejor consultar a un abogado defensor y, si no, hacer uso de su derecho a guardar silencio. Si comete un error en este punto, ni siquiera el abogado defensor m\u00e1s experimentado podr\u00e1 ayudarle.<\/p>\n<p>&nbsp;<\/p>\n<h3>Recibe una citaci\u00f3n de la fiscal\u00eda<\/h3>\n<p>A diferencia de las situaciones mencionadas anteriormente, debe acatar la citaci\u00f3n en la medida de lo posible. Si recibe una citaci\u00f3n de la fiscal\u00eda, est\u00e1 obligado a comparecer. De lo contrario, puede ser llevado a comparecer ante la fiscal\u00eda. Pero tampoco en este caso est\u00e1 obligado a declarar. Haga uso de su derecho a guardar silencio. Si ha dudado de antemano, deber\u00eda considerar la posibilidad de ponerse en contacto con un abogado penalista en estos casos. En algunos casos, el abogado defensor puede averiguar el motivo de la citaci\u00f3n en la fiscal\u00eda. Aunque no siempre puede evitar que tenga que comparecer ante la fiscal\u00eda, le acompa\u00f1ar\u00e1 a la cita y le asesorar\u00e1.<\/p>\n<p>&nbsp;<\/p>\n<h3>Registran su domicilio y le detienen<\/h3>\n<p>A menudo, la primera vez que se entera de que se est\u00e1 llevando a cabo un procedimiento penal contra usted es porque registran su domicilio. En el peor de los casos, ser\u00e1 detenido inmediatamente. En este caso, ya se ha dictado una orden de detenci\u00f3n. Tambi\u00e9n puede ocurrir que s\u00f3lo le detengan provisionalmente.<\/p>\n<p>En ambos casos, es importante llamar inmediatamente a un abogado o pedir a otra persona que se ponga en contacto con \u00e9l. Es ilegal que le impidan hacer esa llamada. Sin embargo, se lo impedir\u00e1n. Mantenga la calma. Diga a los agentes de polic\u00eda que quiere hablar con un abogado INMEDIATAMENTE. Ejerza su derecho a permanecer en silencio. Es importante insistir en que desea hablar con un abogado. Esto impide al \u00f3rgano instructor seguir interrog\u00e1ndole sin m\u00e1s instrucciones expl\u00edcitas y cualificadas. Si de todos modos lo hace sin haber sido instruido, esto puede dar lugar a la prohibici\u00f3n de utilizar pruebas, es decir, la informaci\u00f3n que facilit\u00f3 a los agentes de polic\u00eda ya no podr\u00e1 utilizarse.<\/p>\n<p>En este caso, debe llamar inmediatamente:<\/p>\n<blockquote><p><strong>+49 431 &#8211; 979 940 20<\/strong><\/p><\/blockquote>\n<p>Llame inmediatamente la atenci\u00f3n sobre la orden de detenci\u00f3n o registro. Indique su nombre completo, fecha de nacimiento y direcci\u00f3n. Tambi\u00e9n necesito el n\u00famero de expediente indicado en la orden de detenci\u00f3n o de registro, as\u00ed como el nombre del tribunal.<\/p>\n<p>En el 99% de los casos, en la parte superior izquierda figura \u00abAmtsgericht\u00bb m\u00e1s el nombre de la ciudad, es decir, por ejemplo, \u201cAmtsgericht Kiel\u201d o \u201cAmtsgericht M\u00fcnchen\u201d.<\/p>\n<p>Debajo suele haber 2 n\u00fameros de expediente, como 43 Gs 2598\/24 y 593 Js 12345\/23. Necesito estos dos n\u00fameros de expediente. De ser posible, tambi\u00e9n el nombre del agente de polic\u00eda y c\u00f3mo puedo localizarlo por tel\u00e9fono.<\/p>\n<p>&nbsp;<\/p>\n","protected":false},"excerpt":{"rendered":"<p>Todos los procedimientos penales en Alemania comienzan con la apertura de una investigaci\u00f3n preliminar por parte del \u00f3rgano instructor. Los \u00f3rganos instructores son la polic\u00eda, la fiscal\u00eda, la aduana y el departamento de investigaci\u00f3n tributaria. Los \u00f3rganos instructores inician un procedimiento penal cuando tienen conocimiento de hechos que hacen sospechar que se ha cometido un [&hellip;]<\/p>\n","protected":false},"author":4,"featured_media":0,"parent":0,"menu_order":0,"comment_status":"closed","ping_status":"closed","template":"","meta":{"footnotes":""},"class_list":["post-1587","page","type-page","status-publish","hentry"],"yoast_head":"<!-- This site is optimized with the Yoast SEO plugin v27.5 - https:\/\/yoast.com\/product\/yoast-seo-wordpress\/ -->\n<title>Instrucci\u00f3n del sumario - Fachanwalt f\u00fcr Strafrecht<\/title>\n<meta name=\"description\" content=\"Jedes Strafverfahren beginnt mit der Einleitung eines Ermittlungsverfahren durch die Ermittlungsbeh\u00f6rden. Die Ermittlungsbeh\u00f6rden sind die Polizei, die Staatsanwaltschaft, der Zoll oder die Steuerfahndung.\" \/>\n<meta name=\"robots\" content=\"index, follow, max-snippet:-1, max-image-preview:large, max-video-preview:-1\" \/>\n<link rel=\"canonical\" href=\"https:\/\/marquort.de\/es\/instruccion_del_sumario\/\" \/>\n<meta name=\"twitter:label1\" content=\"Tiempo de lectura\" \/>\n\t<meta name=\"twitter:data1\" content=\"8 minutos\" \/>\n<script type=\"application\/ld+json\" class=\"yoast-schema-graph\">{\"@context\":\"https:\\\/\\\/schema.org\",\"@graph\":[{\"@type\":\"WebPage\",\"@id\":\"https:\\\/\\\/marquort.de\\\/es\\\/instruccion_del_sumario\\\/\",\"url\":\"https:\\\/\\\/marquort.de\\\/es\\\/instruccion_del_sumario\\\/\",\"name\":\"Instrucci\u00f3n del sumario - Fachanwalt f\u00fcr Strafrecht\",\"isPartOf\":{\"@id\":\"https:\\\/\\\/marquort.de\\\/es\\\/#website\"},\"datePublished\":\"2022-01-14T13:30:16+00:00\",\"dateModified\":\"2024-02-13T17:45:51+00:00\",\"description\":\"Jedes Strafverfahren beginnt mit der Einleitung eines Ermittlungsverfahren durch die Ermittlungsbeh\u00f6rden. Die Ermittlungsbeh\u00f6rden sind die Polizei, die Staatsanwaltschaft, der Zoll oder die Steuerfahndung.\",\"breadcrumb\":{\"@id\":\"https:\\\/\\\/marquort.de\\\/es\\\/instruccion_del_sumario\\\/#breadcrumb\"},\"inLanguage\":\"es\",\"potentialAction\":[{\"@type\":\"ReadAction\",\"target\":[\"https:\\\/\\\/marquort.de\\\/es\\\/instruccion_del_sumario\\\/\"]}]},{\"@type\":\"BreadcrumbList\",\"@id\":\"https:\\\/\\\/marquort.de\\\/es\\\/instruccion_del_sumario\\\/#breadcrumb\",\"itemListElement\":[{\"@type\":\"ListItem\",\"position\":1,\"name\":\"Home\",\"item\":\"https:\\\/\\\/marquort.de\\\/es\\\/\"},{\"@type\":\"ListItem\",\"position\":2,\"name\":\"Instrucci\u00f3n del sumario\"}]},{\"@type\":\"WebSite\",\"@id\":\"https:\\\/\\\/marquort.de\\\/es\\\/#website\",\"url\":\"https:\\\/\\\/marquort.de\\\/es\\\/\",\"name\":\"Fachanwalt f\u00fcr Strafrecht\",\"description\":\"Rechtsanwalt Philipp Marquort\",\"potentialAction\":[{\"@type\":\"SearchAction\",\"target\":{\"@type\":\"EntryPoint\",\"urlTemplate\":\"https:\\\/\\\/marquort.de\\\/es\\\/?s={search_term_string}\"},\"query-input\":{\"@type\":\"PropertyValueSpecification\",\"valueRequired\":true,\"valueName\":\"search_term_string\"}}],\"inLanguage\":\"es\"}]}<\/script>\n<!-- \/ Yoast SEO plugin. -->","yoast_head_json":{"title":"Instrucci\u00f3n del sumario - Fachanwalt f\u00fcr Strafrecht","description":"Jedes Strafverfahren beginnt mit der Einleitung eines Ermittlungsverfahren durch die Ermittlungsbeh\u00f6rden. Die Ermittlungsbeh\u00f6rden sind die Polizei, die Staatsanwaltschaft, der Zoll oder die Steuerfahndung.","robots":{"index":"index","follow":"follow","max-snippet":"max-snippet:-1","max-image-preview":"max-image-preview:large","max-video-preview":"max-video-preview:-1"},"canonical":"https:\/\/marquort.de\/es\/instruccion_del_sumario\/","twitter_misc":{"Tiempo de lectura":"8 minutos"},"schema":{"@context":"https:\/\/schema.org","@graph":[{"@type":"WebPage","@id":"https:\/\/marquort.de\/es\/instruccion_del_sumario\/","url":"https:\/\/marquort.de\/es\/instruccion_del_sumario\/","name":"Instrucci\u00f3n del sumario - Fachanwalt f\u00fcr Strafrecht","isPartOf":{"@id":"https:\/\/marquort.de\/es\/#website"},"datePublished":"2022-01-14T13:30:16+00:00","dateModified":"2024-02-13T17:45:51+00:00","description":"Jedes Strafverfahren beginnt mit der Einleitung eines Ermittlungsverfahren durch die Ermittlungsbeh\u00f6rden. Die Ermittlungsbeh\u00f6rden sind die Polizei, die Staatsanwaltschaft, der Zoll oder die Steuerfahndung.","breadcrumb":{"@id":"https:\/\/marquort.de\/es\/instruccion_del_sumario\/#breadcrumb"},"inLanguage":"es","potentialAction":[{"@type":"ReadAction","target":["https:\/\/marquort.de\/es\/instruccion_del_sumario\/"]}]},{"@type":"BreadcrumbList","@id":"https:\/\/marquort.de\/es\/instruccion_del_sumario\/#breadcrumb","itemListElement":[{"@type":"ListItem","position":1,"name":"Home","item":"https:\/\/marquort.de\/es\/"},{"@type":"ListItem","position":2,"name":"Instrucci\u00f3n del sumario"}]},{"@type":"WebSite","@id":"https:\/\/marquort.de\/es\/#website","url":"https:\/\/marquort.de\/es\/","name":"Fachanwalt f\u00fcr Strafrecht","description":"Rechtsanwalt Philipp Marquort","potentialAction":[{"@type":"SearchAction","target":{"@type":"EntryPoint","urlTemplate":"https:\/\/marquort.de\/es\/?s={search_term_string}"},"query-input":{"@type":"PropertyValueSpecification","valueRequired":true,"valueName":"search_term_string"}}],"inLanguage":"es"}]}},"_links":{"self":[{"href":"https:\/\/marquort.de\/es\/wp-json\/wp\/v2\/pages\/1587","targetHints":{"allow":["GET"]}}],"collection":[{"href":"https:\/\/marquort.de\/es\/wp-json\/wp\/v2\/pages"}],"about":[{"href":"https:\/\/marquort.de\/es\/wp-json\/wp\/v2\/types\/page"}],"author":[{"embeddable":true,"href":"https:\/\/marquort.de\/es\/wp-json\/wp\/v2\/users\/4"}],"replies":[{"embeddable":true,"href":"https:\/\/marquort.de\/es\/wp-json\/wp\/v2\/comments?post=1587"}],"version-history":[{"count":2,"href":"https:\/\/marquort.de\/es\/wp-json\/wp\/v2\/pages\/1587\/revisions"}],"predecessor-version":[{"id":1644,"href":"https:\/\/marquort.de\/es\/wp-json\/wp\/v2\/pages\/1587\/revisions\/1644"}],"wp:attachment":[{"href":"https:\/\/marquort.de\/es\/wp-json\/wp\/v2\/media?parent=1587"}],"curies":[{"name":"wp","href":"https:\/\/api.w.org\/{rel}","templated":true}]}}