{"id":1573,"date":"2022-01-07T17:46:57","date_gmt":"2022-01-07T15:46:57","guid":{"rendered":"https:\/\/marquort.de\/anwalt\/"},"modified":"2026-03-28T17:01:29","modified_gmt":"2026-03-28T15:01:29","slug":"anwalt","status":"publish","type":"page","link":"https:\/\/marquort.de\/fr\/anwalt\/","title":{"rendered":"Anwalt"},"content":{"rendered":"<h1>Ihre Strafverteidiger aus Kiel<\/h1>\n<p>&nbsp;<\/p>\n<p style=\"text-align: center; color: #0d387c;\"><strong><span style=\"font-size: 40px;\">Wir. Verteidigen. Sie.<\/span><\/strong><\/p>\n<p>Ihre Rechtsanw\u00e4lte, Rechtsanw\u00e4ltinnen und Strafverteidiger:<\/p>\n<h2>Rechtsanwalt und Strafverteidiger Marquort<\/h2>\n<p><a href=\"https:\/\/marquort.de\/anwalt\/rechtsanwalt-philipp-marquort\/\"><img loading=\"lazy\" decoding=\"async\" class=\"wp-image-1678 alignleft\" src=\"https:\/\/marquort.de\/media\/2025\/04\/IMG_20250402_175113.png\" alt=\"Rechtsanwalt Philipp Marquort, Fachanwalt f\u00fcr Strafrecht\" width=\"160\" height=\"241\" \/><\/a><\/p>\n<p><a href=\"https:\/\/marquort.de\/anwalt\/rechtsanwalt-philipp-marquort\/\">Rechtsanwalt Philipp Marquort, Fachanwalt f\u00fcr Strafrecht<\/a><br \/>\nInhaber und Gr\u00fcnder der Kanzlei<\/p>\n<h2>Rechtsanw\u00e4ltin und Strafverteidigerin Schulzke<\/h2>\n<p><a href=\"https:\/\/marquort.de\/anwalt\/rechtsanwaeltin-ronja-schulzke\/\"><img loading=\"lazy\" decoding=\"async\" class=\"wp-image-1669 alignleft\" src=\"https:\/\/marquort.de\/media\/2025\/04\/Ronja-Schulzke.jpg\" alt=\"Rechtsanw\u00e4ltin Ronja Schulzke, angestellte Rechtsanw\u00e4ltin und Strafverteidigerin\" width=\"160\" height=\"264\" \/><\/a><\/p>\n<p><a href=\"https:\/\/marquort.de\/anwalt\/rechtsanwaeltin-ronja-schulzke\/\">Rechtsanw\u00e4ltin Ronja Schulzke<\/a><br \/>\nRechtsanw\u00e4ltin im Anstellungsverh\u00e4ltnis<\/p>\n","protected":false},"excerpt":{"rendered":"<p>Ihre Strafverteidiger aus Kiel &nbsp; Wir. Verteidigen. Sie. Ihre Rechtsanw\u00e4lte, Rechtsanw\u00e4ltinnen und Strafverteidiger: Rechtsanwalt und Strafverteidiger Marquort Rechtsanwalt Philipp Marquort, Fachanwalt f\u00fcr Strafrecht Inhaber und Gr\u00fcnder der Kanzlei Rechtsanw\u00e4ltin und Strafverteidigerin Schulzke Rechtsanw\u00e4ltin Ronja Schulzke Rechtsanw\u00e4ltin im Anstellungsverh\u00e4ltnis<\/p>\n","protected":false},"author":4,"featured_media":0,"parent":0,"menu_order":0,"comment_status":"closed","ping_status":"closed","template":"details.php","meta":{"footnotes":""},"class_list":["post-1573","page","type-page","status-publish","hentry"],"yoast_head":"<!-- This site is optimized with the Yoast SEO plugin v27.3 - https:\/\/yoast.com\/product\/yoast-seo-wordpress\/ -->\n<title>Anwalt - Fachanwalt f\u00fcr Strafrecht<\/title>\n<meta name=\"description\" content=\"Wir. Verteidigen. Sie. Rechtsanwalt Philipp Marquort, Fachanwalt f\u00fcr Strafrecht, Inhaber und Gr\u00fcnder der Kanzlei, Rechtsanw\u00e4ltin Ronja Schulzke, Rechtsanw\u00e4ltin im Anstellungsverh\u00e4ltnis\" \/>\n<meta name=\"robots\" content=\"index, follow, max-snippet:-1, max-image-preview:large, max-video-preview:-1\" \/>\n<link rel=\"canonical\" href=\"https:\/\/marquort.de\/fr\/anwalt\/\" \/>\n<meta name=\"twitter:label1\" content=\"Dur\u00e9e de lecture estim\u00e9e\" \/>\n\t<meta name=\"twitter:data1\" content=\"1 minute\" \/>\n<script type=\"application\/ld+json\" class=\"yoast-schema-graph\">{\"@context\":\"https:\\\/\\\/schema.org\",\"@graph\":[{\"@type\":\"WebPage\",\"@id\":\"https:\\\/\\\/marquort.de\\\/fr\\\/anwalt\\\/\",\"url\":\"https:\\\/\\\/marquort.de\\\/fr\\\/anwalt\\\/\",\"name\":\"Anwalt - Fachanwalt f\u00fcr Strafrecht\",\"isPartOf\":{\"@id\":\"https:\\\/\\\/marquort.de\\\/fr\\\/#website\"},\"primaryImageOfPage\":{\"@id\":\"https:\\\/\\\/marquort.de\\\/fr\\\/anwalt\\\/#primaryimage\"},\"image\":{\"@id\":\"https:\\\/\\\/marquort.de\\\/fr\\\/anwalt\\\/#primaryimage\"},\"thumbnailUrl\":\"https:\\\/\\\/marquort.de\\\/media\\\/2025\\\/04\\\/IMG_20250402_175113.png\",\"datePublished\":\"2022-01-07T15:46:57+00:00\",\"dateModified\":\"2026-03-28T15:01:29+00:00\",\"description\":\"Wir. Verteidigen. Sie. Rechtsanwalt Philipp Marquort, Fachanwalt f\u00fcr Strafrecht, Inhaber und Gr\u00fcnder der Kanzlei, Rechtsanw\u00e4ltin Ronja Schulzke, Rechtsanw\u00e4ltin im Anstellungsverh\u00e4ltnis\",\"breadcrumb\":{\"@id\":\"https:\\\/\\\/marquort.de\\\/fr\\\/anwalt\\\/#breadcrumb\"},\"inLanguage\":\"fr-FR\",\"potentialAction\":[{\"@type\":\"ReadAction\",\"target\":[\"https:\\\/\\\/marquort.de\\\/fr\\\/anwalt\\\/\"]}]},{\"@type\":\"ImageObject\",\"inLanguage\":\"fr-FR\",\"@id\":\"https:\\\/\\\/marquort.de\\\/fr\\\/anwalt\\\/#primaryimage\",\"url\":\"https:\\\/\\\/marquort.de\\\/media\\\/2025\\\/04\\\/IMG_20250402_175113.png\",\"contentUrl\":\"https:\\\/\\\/marquort.de\\\/media\\\/2025\\\/04\\\/IMG_20250402_175113.png\"},{\"@type\":\"BreadcrumbList\",\"@id\":\"https:\\\/\\\/marquort.de\\\/fr\\\/anwalt\\\/#breadcrumb\",\"itemListElement\":[{\"@type\":\"ListItem\",\"position\":1,\"name\":\"Home\",\"item\":\"https:\\\/\\\/marquort.de\\\/fr\\\/\"},{\"@type\":\"ListItem\",\"position\":2,\"name\":\"Anwalt\"}]},{\"@type\":\"WebSite\",\"@id\":\"https:\\\/\\\/marquort.de\\\/fr\\\/#website\",\"url\":\"https:\\\/\\\/marquort.de\\\/fr\\\/\",\"name\":\"Fachanwalt f\u00fcr Strafrecht\",\"description\":\"Rechtsanwalt Philipp Marquort\",\"potentialAction\":[{\"@type\":\"SearchAction\",\"target\":{\"@type\":\"EntryPoint\",\"urlTemplate\":\"https:\\\/\\\/marquort.de\\\/fr\\\/?s={search_term_string}\"},\"query-input\":{\"@type\":\"PropertyValueSpecification\",\"valueRequired\":true,\"valueName\":\"search_term_string\"}}],\"inLanguage\":\"fr-FR\"}]}<\/script>\n<!-- \/ Yoast SEO plugin. -->","yoast_head_json":{"title":"Anwalt - Fachanwalt f\u00fcr Strafrecht","description":"Wir. Verteidigen. Sie. Rechtsanwalt Philipp Marquort, Fachanwalt f\u00fcr Strafrecht, Inhaber und Gr\u00fcnder der Kanzlei, Rechtsanw\u00e4ltin Ronja Schulzke, Rechtsanw\u00e4ltin im Anstellungsverh\u00e4ltnis","robots":{"index":"index","follow":"follow","max-snippet":"max-snippet:-1","max-image-preview":"max-image-preview:large","max-video-preview":"max-video-preview:-1"},"canonical":"https:\/\/marquort.de\/fr\/anwalt\/","twitter_misc":{"Dur\u00e9e de lecture estim\u00e9e":"1 minute"},"schema":{"@context":"https:\/\/schema.org","@graph":[{"@type":"WebPage","@id":"https:\/\/marquort.de\/fr\/anwalt\/","url":"https:\/\/marquort.de\/fr\/anwalt\/","name":"Anwalt - Fachanwalt f\u00fcr Strafrecht","isPartOf":{"@id":"https:\/\/marquort.de\/fr\/#website"},"primaryImageOfPage":{"@id":"https:\/\/marquort.de\/fr\/anwalt\/#primaryimage"},"image":{"@id":"https:\/\/marquort.de\/fr\/anwalt\/#primaryimage"},"thumbnailUrl":"https:\/\/marquort.de\/media\/2025\/04\/IMG_20250402_175113.png","datePublished":"2022-01-07T15:46:57+00:00","dateModified":"2026-03-28T15:01:29+00:00","description":"Wir. Verteidigen. Sie. Rechtsanwalt Philipp Marquort, Fachanwalt f\u00fcr Strafrecht, Inhaber und Gr\u00fcnder der Kanzlei, Rechtsanw\u00e4ltin Ronja Schulzke, Rechtsanw\u00e4ltin im Anstellungsverh\u00e4ltnis","breadcrumb":{"@id":"https:\/\/marquort.de\/fr\/anwalt\/#breadcrumb"},"inLanguage":"fr-FR","potentialAction":[{"@type":"ReadAction","target":["https:\/\/marquort.de\/fr\/anwalt\/"]}]},{"@type":"ImageObject","inLanguage":"fr-FR","@id":"https:\/\/marquort.de\/fr\/anwalt\/#primaryimage","url":"https:\/\/marquort.de\/media\/2025\/04\/IMG_20250402_175113.png","contentUrl":"https:\/\/marquort.de\/media\/2025\/04\/IMG_20250402_175113.png"},{"@type":"BreadcrumbList","@id":"https:\/\/marquort.de\/fr\/anwalt\/#breadcrumb","itemListElement":[{"@type":"ListItem","position":1,"name":"Home","item":"https:\/\/marquort.de\/fr\/"},{"@type":"ListItem","position":2,"name":"Anwalt"}]},{"@type":"WebSite","@id":"https:\/\/marquort.de\/fr\/#website","url":"https:\/\/marquort.de\/fr\/","name":"Fachanwalt f\u00fcr Strafrecht","description":"Rechtsanwalt Philipp Marquort","potentialAction":[{"@type":"SearchAction","target":{"@type":"EntryPoint","urlTemplate":"https:\/\/marquort.de\/fr\/?s={search_term_string}"},"query-input":{"@type":"PropertyValueSpecification","valueRequired":true,"valueName":"search_term_string"}}],"inLanguage":"fr-FR"}]}},"_links":{"self":[{"href":"https:\/\/marquort.de\/fr\/wp-json\/wp\/v2\/pages\/1573","targetHints":{"allow":["GET"]}}],"collection":[{"href":"https:\/\/marquort.de\/fr\/wp-json\/wp\/v2\/pages"}],"about":[{"href":"https:\/\/marquort.de\/fr\/wp-json\/wp\/v2\/types\/page"}],"author":[{"embeddable":true,"href":"https:\/\/marquort.de\/fr\/wp-json\/wp\/v2\/users\/4"}],"replies":[{"embeddable":true,"href":"https:\/\/marquort.de\/fr\/wp-json\/wp\/v2\/comments?post=1573"}],"version-history":[{"count":18,"href":"https:\/\/marquort.de\/fr\/wp-json\/wp\/v2\/pages\/1573\/revisions"}],"predecessor-version":[{"id":2853,"href":"https:\/\/marquort.de\/fr\/wp-json\/wp\/v2\/pages\/1573\/revisions\/2853"}],"wp:attachment":[{"href":"https:\/\/marquort.de\/fr\/wp-json\/wp\/v2\/media?parent=1573"}],"curies":[{"name":"wp","href":"https:\/\/api.w.org\/{rel}","templated":true}]}}