{"id":1579,"date":"2022-01-06T19:38:52","date_gmt":"2022-01-06T17:38:52","guid":{"rendered":"https:\/\/marquort.de\/strafrecht\/"},"modified":"2024-02-13T18:51:11","modified_gmt":"2024-02-13T16:51:11","slug":"strafrecht","status":"publish","type":"page","link":"https:\/\/marquort.de\/fr\/strafrecht\/","title":{"rendered":"Strafrecht"},"content":{"rendered":"<p><\/p>\n<p>Ich vertrete Sie in einer Vielzahl von Verfahren.<\/p>\n<h1 style=\"text-align: center;\">Ich. Verteidige. Sie.<\/h1>\n<p>Hier ein kleiner \u00dcberblick, in welchen Verfahren und in welchen Verfahrensstadium ich Sie verteidige.<\/p>\n<p><\/p>\n<p><\/p>\n<h2 class=\"wp-block-heading\">Strafverteidigung<\/h2>\n<p><\/p>\n<p><\/p>\n<p>Im allgemeinen Strafrecht vertrete ich meine Mandanten unter Anderem regelm\u00e4\u00dfig gegen folgende Vorw\u00fcrfen:<\/p>\n<p><\/p>\n<p><\/p>\n<ul class=\"wp-block-list\">\n<li>Mord, Totschlag, fahrl\u00e4ssige T\u00f6tung<\/li>\n<li>K\u00f6rperverletzung, gef\u00e4hrliche K\u00f6rperverletzung, fahrl\u00e4ssige K\u00f6rperverletzung<\/li>\n<li>Bet\u00e4ubungsmittelstrafrecht, Besitz, Handeltreiben, \u00dcberlassen, Einfuhr, Ausf\u00fchr<\/li>\n<li>Brandstiftungsdelikte<\/li>\n<li>Eigentumsdelikte wie Diebstahl, Betrug, Untreue<\/li>\n<li>Sexualdelikte, wie Vergewaltigung, sexuelle N\u00f6tigung<\/li>\n<li>Geldw\u00e4sche, Geldf\u00e4lschung, Verm\u00f6gensabsch\u00f6pfung<\/li>\n<li>Beleidigung, Verleumdung, \u00fcble Nachrede<\/li>\n<\/ul>\n<p><\/p>\n<p><\/p>\n<h2 class=\"wp-block-heading\">Wirtschaftsstrafrecht<\/h2>\n<p><\/p>\n<p><\/p>\n<p>Im Wirtschaftstrafrecht verteidige ich meine Mandanten unter Anderem regelm\u00e4\u00dfig gegen folgenden Vorw\u00fcrfen:<\/p>\n<p><\/p>\n<p><\/p>\n<ul class=\"wp-block-list\">\n<li>Verm\u00f6gensabsch\u00f6pfung, Sicherstellung, Beschlagnahme<\/li>\n<li>Betrug, Untreue<\/li>\n<li>Steuerhinterziehung, Steuerverk\u00fcrzung<\/li>\n<li>Verst\u00f6\u00dfe gegen das Wettbewerbsrecht, Markenrecht, Urheberrecht<\/li>\n<li>Korruption, Bestechung, Bestechlichkeit, Bestechung im wirtschaftlichen Verkehr<\/li>\n<li>Straftaten gegen die Umwelt<\/li>\n<li>Insolvenzstraftaten, Insolvenzverschleppung, Gl\u00e4ubigerbeg\u00fcnstigung<\/li>\n<\/ul>\n<p><\/p>\n<p><\/p>\n<h2 class=\"wp-block-heading\">In jeder Lage des Verfahren<\/h2>\n<p><\/p>\n<p><\/p>\n<p>Ich verteidige meine Mandanten in jeder Lage des Verfahrens.<\/p>\n<p><\/p>\n<p><\/p>\n<ul class=\"wp-block-list\">\n<li>Ermittlungsverfahren (Schreiben der Polizei oder Staatsanwaltschaft)<\/li>\n<li>Vom Gericht mit der \u00dcbersendung einer Anklageschrift oder eines Strafbefehls<\/li>\n<li>Im Rahmen der Hauptverhandlung (das Gericht hat bereits einen Termin anberaumt)<\/li>\n<li>In der Berufung oder Revision (ein Urteil ist ergangen, ist aber noch nicht rechtskr\u00e4gtig)<\/li>\n<\/ul>\n<p>&nbsp;<\/p>\n<p><\/p>\n<p><\/p>\n<h2 class=\"wp-block-heading\" style=\"text-align: center;\">Ich. Verteidige. Sie.<\/h2>\n<p><\/p>\n","protected":false},"excerpt":{"rendered":"<p>Ich vertrete Sie in einer Vielzahl von Verfahren. Ich. Verteidige. Sie. Hier ein kleiner \u00dcberblick, in welchen Verfahren und in welchen Verfahrensstadium ich Sie verteidige. Strafverteidigung Im allgemeinen Strafrecht vertrete ich meine Mandanten unter Anderem regelm\u00e4\u00dfig gegen folgende Vorw\u00fcrfen: Mord, Totschlag, fahrl\u00e4ssige T\u00f6tung K\u00f6rperverletzung, gef\u00e4hrliche K\u00f6rperverletzung, fahrl\u00e4ssige K\u00f6rperverletzung Bet\u00e4ubungsmittelstrafrecht, Besitz, Handeltreiben, \u00dcberlassen, Einfuhr, Ausf\u00fchr Brandstiftungsdelikte [&hellip;]<\/p>\n","protected":false},"author":4,"featured_media":0,"parent":0,"menu_order":0,"comment_status":"closed","ping_status":"closed","template":"","meta":{"footnotes":""},"class_list":["post-1579","page","type-page","status-publish","hentry"],"yoast_head":"<!-- This site is optimized with the Yoast SEO plugin v27.4 - https:\/\/yoast.com\/product\/yoast-seo-wordpress\/ -->\n<title>Strafrecht - Fachanwalt f\u00fcr Strafrecht<\/title>\n<meta name=\"description\" content=\"Wir vertreten Mandanten im Strafrecht. Hier ein Auszug, in welchen strafrechtlichen Verfahren wir auch Sie vertreten k\u00f6nnen.\" \/>\n<meta name=\"robots\" content=\"index, follow, max-snippet:-1, max-image-preview:large, max-video-preview:-1\" \/>\n<link rel=\"canonical\" href=\"https:\/\/marquort.de\/fr\/strafrecht\/\" \/>\n<meta name=\"twitter:label1\" content=\"Dur\u00e9e de lecture estim\u00e9e\" \/>\n\t<meta name=\"twitter:data1\" content=\"1 minute\" \/>\n<script type=\"application\/ld+json\" class=\"yoast-schema-graph\">{\"@context\":\"https:\\\/\\\/schema.org\",\"@graph\":[{\"@type\":\"WebPage\",\"@id\":\"https:\\\/\\\/marquort.de\\\/fr\\\/strafrecht\\\/\",\"url\":\"https:\\\/\\\/marquort.de\\\/fr\\\/strafrecht\\\/\",\"name\":\"Strafrecht - Fachanwalt f\u00fcr Strafrecht\",\"isPartOf\":{\"@id\":\"https:\\\/\\\/marquort.de\\\/fr\\\/#website\"},\"datePublished\":\"2022-01-06T17:38:52+00:00\",\"dateModified\":\"2024-02-13T16:51:11+00:00\",\"description\":\"Wir vertreten Mandanten im Strafrecht. Hier ein Auszug, in welchen strafrechtlichen Verfahren wir auch Sie vertreten k\u00f6nnen.\",\"breadcrumb\":{\"@id\":\"https:\\\/\\\/marquort.de\\\/fr\\\/strafrecht\\\/#breadcrumb\"},\"inLanguage\":\"fr-FR\",\"potentialAction\":[{\"@type\":\"ReadAction\",\"target\":[\"https:\\\/\\\/marquort.de\\\/fr\\\/strafrecht\\\/\"]}]},{\"@type\":\"BreadcrumbList\",\"@id\":\"https:\\\/\\\/marquort.de\\\/fr\\\/strafrecht\\\/#breadcrumb\",\"itemListElement\":[{\"@type\":\"ListItem\",\"position\":1,\"name\":\"Home\",\"item\":\"https:\\\/\\\/marquort.de\\\/fr\\\/\"},{\"@type\":\"ListItem\",\"position\":2,\"name\":\"Strafrecht\"}]},{\"@type\":\"WebSite\",\"@id\":\"https:\\\/\\\/marquort.de\\\/fr\\\/#website\",\"url\":\"https:\\\/\\\/marquort.de\\\/fr\\\/\",\"name\":\"Fachanwalt f\u00fcr Strafrecht\",\"description\":\"Rechtsanwalt Philipp Marquort\",\"potentialAction\":[{\"@type\":\"SearchAction\",\"target\":{\"@type\":\"EntryPoint\",\"urlTemplate\":\"https:\\\/\\\/marquort.de\\\/fr\\\/?s={search_term_string}\"},\"query-input\":{\"@type\":\"PropertyValueSpecification\",\"valueRequired\":true,\"valueName\":\"search_term_string\"}}],\"inLanguage\":\"fr-FR\"}]}<\/script>\n<!-- \/ Yoast SEO plugin. -->","yoast_head_json":{"title":"Strafrecht - Fachanwalt f\u00fcr Strafrecht","description":"Wir vertreten Mandanten im Strafrecht. Hier ein Auszug, in welchen strafrechtlichen Verfahren wir auch Sie vertreten k\u00f6nnen.","robots":{"index":"index","follow":"follow","max-snippet":"max-snippet:-1","max-image-preview":"max-image-preview:large","max-video-preview":"max-video-preview:-1"},"canonical":"https:\/\/marquort.de\/fr\/strafrecht\/","twitter_misc":{"Dur\u00e9e de lecture estim\u00e9e":"1 minute"},"schema":{"@context":"https:\/\/schema.org","@graph":[{"@type":"WebPage","@id":"https:\/\/marquort.de\/fr\/strafrecht\/","url":"https:\/\/marquort.de\/fr\/strafrecht\/","name":"Strafrecht - Fachanwalt f\u00fcr Strafrecht","isPartOf":{"@id":"https:\/\/marquort.de\/fr\/#website"},"datePublished":"2022-01-06T17:38:52+00:00","dateModified":"2024-02-13T16:51:11+00:00","description":"Wir vertreten Mandanten im Strafrecht. Hier ein Auszug, in welchen strafrechtlichen Verfahren wir auch Sie vertreten k\u00f6nnen.","breadcrumb":{"@id":"https:\/\/marquort.de\/fr\/strafrecht\/#breadcrumb"},"inLanguage":"fr-FR","potentialAction":[{"@type":"ReadAction","target":["https:\/\/marquort.de\/fr\/strafrecht\/"]}]},{"@type":"BreadcrumbList","@id":"https:\/\/marquort.de\/fr\/strafrecht\/#breadcrumb","itemListElement":[{"@type":"ListItem","position":1,"name":"Home","item":"https:\/\/marquort.de\/fr\/"},{"@type":"ListItem","position":2,"name":"Strafrecht"}]},{"@type":"WebSite","@id":"https:\/\/marquort.de\/fr\/#website","url":"https:\/\/marquort.de\/fr\/","name":"Fachanwalt f\u00fcr Strafrecht","description":"Rechtsanwalt Philipp Marquort","potentialAction":[{"@type":"SearchAction","target":{"@type":"EntryPoint","urlTemplate":"https:\/\/marquort.de\/fr\/?s={search_term_string}"},"query-input":{"@type":"PropertyValueSpecification","valueRequired":true,"valueName":"search_term_string"}}],"inLanguage":"fr-FR"}]}},"_links":{"self":[{"href":"https:\/\/marquort.de\/fr\/wp-json\/wp\/v2\/pages\/1579","targetHints":{"allow":["GET"]}}],"collection":[{"href":"https:\/\/marquort.de\/fr\/wp-json\/wp\/v2\/pages"}],"about":[{"href":"https:\/\/marquort.de\/fr\/wp-json\/wp\/v2\/types\/page"}],"author":[{"embeddable":true,"href":"https:\/\/marquort.de\/fr\/wp-json\/wp\/v2\/users\/4"}],"replies":[{"embeddable":true,"href":"https:\/\/marquort.de\/fr\/wp-json\/wp\/v2\/comments?post=1579"}],"version-history":[{"count":1,"href":"https:\/\/marquort.de\/fr\/wp-json\/wp\/v2\/pages\/1579\/revisions"}],"predecessor-version":[{"id":1582,"href":"https:\/\/marquort.de\/fr\/wp-json\/wp\/v2\/pages\/1579\/revisions\/1582"}],"wp:attachment":[{"href":"https:\/\/marquort.de\/fr\/wp-json\/wp\/v2\/media?parent=1579"}],"curies":[{"name":"wp","href":"https:\/\/api.w.org\/{rel}","templated":true}]}}