{"id":1575,"date":"2022-01-07T17:46:57","date_gmt":"2022-01-07T15:46:57","guid":{"rendered":"https:\/\/marquort.de\/anwalt\/"},"modified":"2024-02-13T19:38:46","modified_gmt":"2024-02-13T17:38:46","slug":"sobre_mim","status":"publish","type":"page","link":"https:\/\/marquort.de\/pt-pt\/sobre_mim\/","title":{"rendered":"Sobre mim"},"content":{"rendered":"<p><img loading=\"lazy\" decoding=\"async\" class=\"alignnone wp-image-1417\" src=\"https:\/\/marquort.de\/media\/2022\/01\/DSC_8265_fertige.png\" alt=\"\" width=\"343\" height=\"515\" \/><\/p>\n<h1 style=\"text-align: center;\">Eu. Defender. Tu.<\/h1>\n<p>Nota: O advogado Marquort s\u00f3 fala alem\u00e3o e ingl\u00eas. \u00c9 necess\u00e1rio um int\u00e9rprete para a comunica\u00e7\u00e3o noutras l\u00ednguas. Uma mensagem de correio eletr\u00f3nico pode ser escrita atrav\u00e9s de tradu\u00e7\u00e3o autom\u00e1tica.<\/p>\n<p>O texto seguinte \u00e9 uma tradu\u00e7\u00e3o autom\u00e1tica.<\/p>\n<p>Nasci em Kiel em 1973. Depois da escola prim\u00e1ria, frequentei o Heinrich-Heine-Gymnasium no distrito de Pl\u00f6n. Depois de terminar o liceu em 1995, cumpri o servi\u00e7o militar em Flensburg. Em seguida, estudei Direito no CAU de Kiel e licenciei-me em 2001. Conclu\u00ed o meu est\u00e1gio de advocacia no Tribunal Regional Superior de Schleswig-Holstein. Inicialmente, trabalhei como advogado estagi\u00e1rio no Minist\u00e9rio P\u00fablico de Kiel. Terminei o meu est\u00e1gio em mar\u00e7o de 2004 com o 2\u00ba exame de Estado.<\/p>\n<p>Fui admitido na Ordem dos Advogados de Schleswig-Holstein em 31 de mar\u00e7o de 2004.<\/p>\n<p>Sou casado e tenho dois filhos.<\/p>\n<blockquote><p><span style=\"color: #ff0000;\"><em>\u201eTodos n\u00f3s fomos feitos para o que fazemos.\u201c<\/em><\/span><\/p><\/blockquote>\n<p><cite>Ernest Hemmingway<\/cite><\/p>\n<p>&nbsp;<\/p>\n<p>Porque \u00e9 que me tornei advogado de defesa criminal \u00e9 uma pergunta que ainda hoje me fazem com frequ\u00eancia. &#8220;Os seus clientes fizeram coisas terr\u00edveis. N\u00e3o os pode defender tamb\u00e9m!&#8221; J\u00e1 ouvi muitas vezes esta e outras justifica\u00e7\u00f5es. Muitas pessoas das mais diversas classes sociais, com as mais diversas forma\u00e7\u00f5es acad\u00e9micas. Desde alem\u00e3es, europeus, imigrantes, negros, brancos e hisp\u00e2nicos. Mesmo entre colegas, este tema \u00e9 pol\u00e9mico. Um colega, no calor do momento, chamou-me &#8220;c\u00famplice&#8221; porque a minha estrat\u00e9gia de defesa acabou por levar \u00e0 absolvi\u00e7\u00e3o do meu cliente.<\/p>\n<p>O facto de alguns dos meus clientes terem cometido crimes graves, por vezes mesmo hediondos, a acreditar nos t\u00edtulos da imprensa, nunca me impediu de recusar a sua defesa. A minha convic\u00e7\u00e3o de que todas as pessoas sujeitas a um processo penal, sejam elas brancas ou negras, de direita ou de esquerda, homens ou mulheres, t\u00eam direito a um processo justo, sempre me permitiu assumir a defesa. Os advogados, em particular, perguntam-me muitas vezes: &#8220;E se souberes que o teu cliente \u00e9 culpado, mas ele for absolvido gra\u00e7as \u00e0 tua defesa? &#8220;\u00c9 esse o nosso Estado de direito. E \u00e9 bom que funcione assim. \u00c9 melhor ajudar uma pessoa culpada a ser absolvida do que mandar uma pessoa inocente para a pris\u00e3o.&#8221;<\/p>\n<p>A minha fun\u00e7\u00e3o \u00e9 apoiar o acusado, o arguido ou o acusado em todas as situa\u00e7\u00f5es do processo e obter o melhor resultado poss\u00edvel. J\u00e1 n\u00e3o posso mudar o passado. Mas posso tentar moldar o futuro dos meus clientes da melhor forma poss\u00edvel atrav\u00e9s da defesa penal.<\/p>\n<p>&nbsp;<\/p>\n","protected":false},"excerpt":{"rendered":"<p>Eu. Defender. Tu. Nota: O advogado Marquort s\u00f3 fala alem\u00e3o e ingl\u00eas. \u00c9 necess\u00e1rio um int\u00e9rprete para a comunica\u00e7\u00e3o noutras l\u00ednguas. Uma mensagem de correio eletr\u00f3nico pode ser escrita atrav\u00e9s de tradu\u00e7\u00e3o autom\u00e1tica. O texto seguinte \u00e9 uma tradu\u00e7\u00e3o autom\u00e1tica. Nasci em Kiel em 1973. Depois da escola prim\u00e1ria, frequentei o Heinrich-Heine-Gymnasium no distrito de [&hellip;]<\/p>\n","protected":false},"author":4,"featured_media":0,"parent":0,"menu_order":0,"comment_status":"closed","ping_status":"closed","template":"details.php","meta":{"footnotes":""},"class_list":["post-1575","page","type-page","status-publish","hentry"],"yoast_head":"<!-- This site is optimized with the Yoast SEO plugin v27.3 - https:\/\/yoast.com\/product\/yoast-seo-wordpress\/ -->\n<title>Sobre mim - Fachanwalt f\u00fcr Strafrecht<\/title>\n<meta name=\"robots\" content=\"index, follow, max-snippet:-1, max-image-preview:large, max-video-preview:-1\" \/>\n<link rel=\"canonical\" href=\"https:\/\/marquort.de\/pt-pt\/sobre_mim\/\" \/>\n<meta name=\"twitter:label1\" content=\"Tempo estimado de leitura\" \/>\n\t<meta name=\"twitter:data1\" content=\"3 minutos\" \/>\n<script type=\"application\/ld+json\" class=\"yoast-schema-graph\">{\"@context\":\"https:\\\/\\\/schema.org\",\"@graph\":[{\"@type\":\"WebPage\",\"@id\":\"https:\\\/\\\/marquort.de\\\/pt-pt\\\/sobre_mim\\\/\",\"url\":\"https:\\\/\\\/marquort.de\\\/pt-pt\\\/sobre_mim\\\/\",\"name\":\"Sobre mim - Fachanwalt f\u00fcr Strafrecht\",\"isPartOf\":{\"@id\":\"https:\\\/\\\/marquort.de\\\/pt-pt\\\/#website\"},\"primaryImageOfPage\":{\"@id\":\"https:\\\/\\\/marquort.de\\\/pt-pt\\\/sobre_mim\\\/#primaryimage\"},\"image\":{\"@id\":\"https:\\\/\\\/marquort.de\\\/pt-pt\\\/sobre_mim\\\/#primaryimage\"},\"thumbnailUrl\":\"https:\\\/\\\/marquort.de\\\/media\\\/2022\\\/01\\\/DSC_8265_fertige.png\",\"datePublished\":\"2022-01-07T15:46:57+00:00\",\"dateModified\":\"2024-02-13T17:38:46+00:00\",\"breadcrumb\":{\"@id\":\"https:\\\/\\\/marquort.de\\\/pt-pt\\\/sobre_mim\\\/#breadcrumb\"},\"inLanguage\":\"pt-PT\",\"potentialAction\":[{\"@type\":\"ReadAction\",\"target\":[\"https:\\\/\\\/marquort.de\\\/pt-pt\\\/sobre_mim\\\/\"]}]},{\"@type\":\"ImageObject\",\"inLanguage\":\"pt-PT\",\"@id\":\"https:\\\/\\\/marquort.de\\\/pt-pt\\\/sobre_mim\\\/#primaryimage\",\"url\":\"https:\\\/\\\/marquort.de\\\/media\\\/2022\\\/01\\\/DSC_8265_fertige.png\",\"contentUrl\":\"https:\\\/\\\/marquort.de\\\/media\\\/2022\\\/01\\\/DSC_8265_fertige.png\"},{\"@type\":\"BreadcrumbList\",\"@id\":\"https:\\\/\\\/marquort.de\\\/pt-pt\\\/sobre_mim\\\/#breadcrumb\",\"itemListElement\":[{\"@type\":\"ListItem\",\"position\":1,\"name\":\"Home\",\"item\":\"https:\\\/\\\/marquort.de\\\/pt-pt\\\/\"},{\"@type\":\"ListItem\",\"position\":2,\"name\":\"Sobre mim\"}]},{\"@type\":\"WebSite\",\"@id\":\"https:\\\/\\\/marquort.de\\\/pt-pt\\\/#website\",\"url\":\"https:\\\/\\\/marquort.de\\\/pt-pt\\\/\",\"name\":\"Fachanwalt f\u00fcr Strafrecht\",\"description\":\"Rechtsanwalt Philipp Marquort\",\"potentialAction\":[{\"@type\":\"SearchAction\",\"target\":{\"@type\":\"EntryPoint\",\"urlTemplate\":\"https:\\\/\\\/marquort.de\\\/pt-pt\\\/?s={search_term_string}\"},\"query-input\":{\"@type\":\"PropertyValueSpecification\",\"valueRequired\":true,\"valueName\":\"search_term_string\"}}],\"inLanguage\":\"pt-PT\"}]}<\/script>\n<!-- \/ Yoast SEO plugin. -->","yoast_head_json":{"title":"Sobre mim - Fachanwalt f\u00fcr Strafrecht","robots":{"index":"index","follow":"follow","max-snippet":"max-snippet:-1","max-image-preview":"max-image-preview:large","max-video-preview":"max-video-preview:-1"},"canonical":"https:\/\/marquort.de\/pt-pt\/sobre_mim\/","twitter_misc":{"Tempo estimado de leitura":"3 minutos"},"schema":{"@context":"https:\/\/schema.org","@graph":[{"@type":"WebPage","@id":"https:\/\/marquort.de\/pt-pt\/sobre_mim\/","url":"https:\/\/marquort.de\/pt-pt\/sobre_mim\/","name":"Sobre mim - Fachanwalt f\u00fcr Strafrecht","isPartOf":{"@id":"https:\/\/marquort.de\/pt-pt\/#website"},"primaryImageOfPage":{"@id":"https:\/\/marquort.de\/pt-pt\/sobre_mim\/#primaryimage"},"image":{"@id":"https:\/\/marquort.de\/pt-pt\/sobre_mim\/#primaryimage"},"thumbnailUrl":"https:\/\/marquort.de\/media\/2022\/01\/DSC_8265_fertige.png","datePublished":"2022-01-07T15:46:57+00:00","dateModified":"2024-02-13T17:38:46+00:00","breadcrumb":{"@id":"https:\/\/marquort.de\/pt-pt\/sobre_mim\/#breadcrumb"},"inLanguage":"pt-PT","potentialAction":[{"@type":"ReadAction","target":["https:\/\/marquort.de\/pt-pt\/sobre_mim\/"]}]},{"@type":"ImageObject","inLanguage":"pt-PT","@id":"https:\/\/marquort.de\/pt-pt\/sobre_mim\/#primaryimage","url":"https:\/\/marquort.de\/media\/2022\/01\/DSC_8265_fertige.png","contentUrl":"https:\/\/marquort.de\/media\/2022\/01\/DSC_8265_fertige.png"},{"@type":"BreadcrumbList","@id":"https:\/\/marquort.de\/pt-pt\/sobre_mim\/#breadcrumb","itemListElement":[{"@type":"ListItem","position":1,"name":"Home","item":"https:\/\/marquort.de\/pt-pt\/"},{"@type":"ListItem","position":2,"name":"Sobre mim"}]},{"@type":"WebSite","@id":"https:\/\/marquort.de\/pt-pt\/#website","url":"https:\/\/marquort.de\/pt-pt\/","name":"Fachanwalt f\u00fcr Strafrecht","description":"Rechtsanwalt Philipp Marquort","potentialAction":[{"@type":"SearchAction","target":{"@type":"EntryPoint","urlTemplate":"https:\/\/marquort.de\/pt-pt\/?s={search_term_string}"},"query-input":{"@type":"PropertyValueSpecification","valueRequired":true,"valueName":"search_term_string"}}],"inLanguage":"pt-PT"}]}},"_links":{"self":[{"href":"https:\/\/marquort.de\/pt-pt\/wp-json\/wp\/v2\/pages\/1575","targetHints":{"allow":["GET"]}}],"collection":[{"href":"https:\/\/marquort.de\/pt-pt\/wp-json\/wp\/v2\/pages"}],"about":[{"href":"https:\/\/marquort.de\/pt-pt\/wp-json\/wp\/v2\/types\/page"}],"author":[{"embeddable":true,"href":"https:\/\/marquort.de\/pt-pt\/wp-json\/wp\/v2\/users\/4"}],"replies":[{"embeddable":true,"href":"https:\/\/marquort.de\/pt-pt\/wp-json\/wp\/v2\/comments?post=1575"}],"version-history":[{"count":3,"href":"https:\/\/marquort.de\/pt-pt\/wp-json\/wp\/v2\/pages\/1575\/revisions"}],"predecessor-version":[{"id":1636,"href":"https:\/\/marquort.de\/pt-pt\/wp-json\/wp\/v2\/pages\/1575\/revisions\/1636"}],"wp:attachment":[{"href":"https:\/\/marquort.de\/pt-pt\/wp-json\/wp\/v2\/media?parent=1575"}],"curies":[{"name":"wp","href":"https:\/\/api.w.org\/{rel}","templated":true}]}}