{"id":1580,"date":"2022-01-06T19:38:52","date_gmt":"2022-01-06T17:38:52","guid":{"rendered":"https:\/\/marquort.de\/strafrecht\/"},"modified":"2024-02-13T19:39:43","modified_gmt":"2024-02-13T17:39:43","slug":"direito_penal","status":"publish","type":"page","link":"https:\/\/marquort.de\/pt-pt\/direito_penal\/","title":{"rendered":"Direito penal"},"content":{"rendered":"<p><\/p>\n<p>Represento-o numa s\u00e9rie de processos.<\/p>\n<h1 style=\"text-align: center;\">Eu. Defender. Tu.<\/h1>\n<p>Nota: O advogado Marquort s\u00f3 fala alem\u00e3o e ingl\u00eas. \u00c9 necess\u00e1rio um int\u00e9rprete para a comunica\u00e7\u00e3o noutras l\u00ednguas. Uma mensagem de correio eletr\u00f3nico pode ser escrita atrav\u00e9s de tradu\u00e7\u00e3o autom\u00e1tica.<\/p>\n<p>O texto seguinte \u00e9 uma tradu\u00e7\u00e3o autom\u00e1tica<\/p>\n<p>&nbsp;<\/p>\n<p>Segue-se um breve resumo dos processos em que o defendo e em que fase do processo.<\/p>\n<p><\/p>\n<p><\/p>\n<h2 class=\"wp-block-heading\">Defesa criminal<\/h2>\n<p>No dom\u00ednio do direito penal geral, represento regularmente os meus clientes contra as seguintes acusa\u00e7\u00f5es, entre outras:<\/p>\n<ul>\n<li>Homic\u00eddio, homic\u00eddio involunt\u00e1rio, homic\u00eddio involunt\u00e1rio<\/li>\n<li>les\u00f5es corporais, les\u00f5es corporais perigosas, les\u00f5es corporais negligentes<\/li>\n<li>direito penal relativo a estupefacientes, posse, tr\u00e1fico, transfer\u00eancia, importa\u00e7\u00e3o, exporta\u00e7\u00e3o<\/li>\n<li>Crimes de fogo posto<\/li>\n<li>Infrac\u00e7\u00f5es contra a propriedade, tais como roubo, fraude, desvio de fundos<\/li>\n<li>Infrac\u00e7\u00f5es sexuais, tais como viola\u00e7\u00e3o, agress\u00e3o sexual<\/li>\n<li>Branqueamento de capitais, contrafa\u00e7\u00e3o, confisco de bens<\/li>\n<li>Inj\u00faria, difama\u00e7\u00e3o, cal\u00fania<\/li>\n<\/ul>\n<p>&nbsp;<\/p>\n<h2>Direito penal comercial<\/h2>\n<p>No dom\u00ednio do direito penal comercial, defendo regularmente os meus clientes contra as seguintes acusa\u00e7\u00f5es, entre outras<\/p>\n<ul>\n<li>recupera\u00e7\u00e3o de activos, apreens\u00e3o, confisco<\/li>\n<li>fraude, desvio de fundos<\/li>\n<li>evas\u00e3o fiscal, fraude fiscal<\/li>\n<li>Infrac\u00e7\u00f5es ao direito da concorr\u00eancia, direito das marcas, direito dos direitos de autor<\/li>\n<li>Corrup\u00e7\u00e3o, suborno, corruptibilidade, suborno em transac\u00e7\u00f5es comerciais<\/li>\n<li>Infrac\u00e7\u00f5es contra o ambiente<\/li>\n<li>Infrac\u00e7\u00f5es em mat\u00e9ria de insolv\u00eancia, atraso na apresenta\u00e7\u00e3o de pedidos de insolv\u00eancia, tratamento preferencial dos credores<\/li>\n<\/ul>\n<p>&nbsp;<\/p>\n<h2>Em todas as fases do processo<\/h2>\n<p>Defendo os meus clientes em todas as fases do processo.<\/p>\n<ul>\n<li>Procedimentos preliminares (carta da pol\u00edcia ou do Minist\u00e9rio P\u00fablico)<\/li>\n<li>Do tribunal com o envio de uma acusa\u00e7\u00e3o ou de um despacho de san\u00e7\u00e3o<\/li>\n<li>No \u00e2mbito da audi\u00eancia principal (o tribunal j\u00e1 marcou uma audi\u00eancia)<\/li>\n<li>No \u00e2mbito de um recurso ou de uma revis\u00e3o (a senten\u00e7a foi proferida mas ainda n\u00e3o \u00e9 juridicamente vinculativa)<\/li>\n<\/ul>\n<p>&nbsp;<\/p>\n<h1 style=\"text-align: center;\">Eu. Defender. Tu.<\/h1>\n<p><\/p>\n<p><\/p>\n","protected":false},"excerpt":{"rendered":"<p>Represento-o numa s\u00e9rie de processos. Eu. Defender. Tu. Nota: O advogado Marquort s\u00f3 fala alem\u00e3o e ingl\u00eas. \u00c9 necess\u00e1rio um int\u00e9rprete para a comunica\u00e7\u00e3o noutras l\u00ednguas. Uma mensagem de correio eletr\u00f3nico pode ser escrita atrav\u00e9s de tradu\u00e7\u00e3o autom\u00e1tica. O texto seguinte \u00e9 uma tradu\u00e7\u00e3o autom\u00e1tica &nbsp; Segue-se um breve resumo dos processos em que o [&hellip;]<\/p>\n","protected":false},"author":4,"featured_media":0,"parent":0,"menu_order":0,"comment_status":"closed","ping_status":"closed","template":"","meta":{"footnotes":""},"class_list":["post-1580","page","type-page","status-publish","hentry"],"yoast_head":"<!-- This site is optimized with the Yoast SEO plugin v27.4 - https:\/\/yoast.com\/product\/yoast-seo-wordpress\/ -->\n<title>Direito penal - Fachanwalt f\u00fcr Strafrecht<\/title>\n<meta name=\"description\" content=\"Wir vertreten Mandanten im Strafrecht. Hier ein Auszug, in welchen strafrechtlichen Verfahren wir auch Sie vertreten k\u00f6nnen.\" \/>\n<meta name=\"robots\" content=\"index, follow, max-snippet:-1, max-image-preview:large, max-video-preview:-1\" \/>\n<link rel=\"canonical\" href=\"https:\/\/marquort.de\/pt-pt\/direito_penal\/\" \/>\n<meta name=\"twitter:label1\" content=\"Tempo estimado de leitura\" \/>\n\t<meta name=\"twitter:data1\" content=\"2 minutos\" \/>\n<script type=\"application\/ld+json\" class=\"yoast-schema-graph\">{\"@context\":\"https:\\\/\\\/schema.org\",\"@graph\":[{\"@type\":\"WebPage\",\"@id\":\"https:\\\/\\\/marquort.de\\\/pt-pt\\\/direito_penal\\\/\",\"url\":\"https:\\\/\\\/marquort.de\\\/pt-pt\\\/direito_penal\\\/\",\"name\":\"Direito penal - Fachanwalt f\u00fcr Strafrecht\",\"isPartOf\":{\"@id\":\"https:\\\/\\\/marquort.de\\\/pt-pt\\\/#website\"},\"datePublished\":\"2022-01-06T17:38:52+00:00\",\"dateModified\":\"2024-02-13T17:39:43+00:00\",\"description\":\"Wir vertreten Mandanten im Strafrecht. Hier ein Auszug, in welchen strafrechtlichen Verfahren wir auch Sie vertreten k\u00f6nnen.\",\"breadcrumb\":{\"@id\":\"https:\\\/\\\/marquort.de\\\/pt-pt\\\/direito_penal\\\/#breadcrumb\"},\"inLanguage\":\"pt-PT\",\"potentialAction\":[{\"@type\":\"ReadAction\",\"target\":[\"https:\\\/\\\/marquort.de\\\/pt-pt\\\/direito_penal\\\/\"]}]},{\"@type\":\"BreadcrumbList\",\"@id\":\"https:\\\/\\\/marquort.de\\\/pt-pt\\\/direito_penal\\\/#breadcrumb\",\"itemListElement\":[{\"@type\":\"ListItem\",\"position\":1,\"name\":\"Home\",\"item\":\"https:\\\/\\\/marquort.de\\\/pt-pt\\\/\"},{\"@type\":\"ListItem\",\"position\":2,\"name\":\"Direito penal\"}]},{\"@type\":\"WebSite\",\"@id\":\"https:\\\/\\\/marquort.de\\\/pt-pt\\\/#website\",\"url\":\"https:\\\/\\\/marquort.de\\\/pt-pt\\\/\",\"name\":\"Fachanwalt f\u00fcr Strafrecht\",\"description\":\"Rechtsanwalt Philipp Marquort\",\"potentialAction\":[{\"@type\":\"SearchAction\",\"target\":{\"@type\":\"EntryPoint\",\"urlTemplate\":\"https:\\\/\\\/marquort.de\\\/pt-pt\\\/?s={search_term_string}\"},\"query-input\":{\"@type\":\"PropertyValueSpecification\",\"valueRequired\":true,\"valueName\":\"search_term_string\"}}],\"inLanguage\":\"pt-PT\"}]}<\/script>\n<!-- \/ Yoast SEO plugin. -->","yoast_head_json":{"title":"Direito penal - Fachanwalt f\u00fcr Strafrecht","description":"Wir vertreten Mandanten im Strafrecht. Hier ein Auszug, in welchen strafrechtlichen Verfahren wir auch Sie vertreten k\u00f6nnen.","robots":{"index":"index","follow":"follow","max-snippet":"max-snippet:-1","max-image-preview":"max-image-preview:large","max-video-preview":"max-video-preview:-1"},"canonical":"https:\/\/marquort.de\/pt-pt\/direito_penal\/","twitter_misc":{"Tempo estimado de leitura":"2 minutos"},"schema":{"@context":"https:\/\/schema.org","@graph":[{"@type":"WebPage","@id":"https:\/\/marquort.de\/pt-pt\/direito_penal\/","url":"https:\/\/marquort.de\/pt-pt\/direito_penal\/","name":"Direito penal - Fachanwalt f\u00fcr Strafrecht","isPartOf":{"@id":"https:\/\/marquort.de\/pt-pt\/#website"},"datePublished":"2022-01-06T17:38:52+00:00","dateModified":"2024-02-13T17:39:43+00:00","description":"Wir vertreten Mandanten im Strafrecht. Hier ein Auszug, in welchen strafrechtlichen Verfahren wir auch Sie vertreten k\u00f6nnen.","breadcrumb":{"@id":"https:\/\/marquort.de\/pt-pt\/direito_penal\/#breadcrumb"},"inLanguage":"pt-PT","potentialAction":[{"@type":"ReadAction","target":["https:\/\/marquort.de\/pt-pt\/direito_penal\/"]}]},{"@type":"BreadcrumbList","@id":"https:\/\/marquort.de\/pt-pt\/direito_penal\/#breadcrumb","itemListElement":[{"@type":"ListItem","position":1,"name":"Home","item":"https:\/\/marquort.de\/pt-pt\/"},{"@type":"ListItem","position":2,"name":"Direito penal"}]},{"@type":"WebSite","@id":"https:\/\/marquort.de\/pt-pt\/#website","url":"https:\/\/marquort.de\/pt-pt\/","name":"Fachanwalt f\u00fcr Strafrecht","description":"Rechtsanwalt Philipp Marquort","potentialAction":[{"@type":"SearchAction","target":{"@type":"EntryPoint","urlTemplate":"https:\/\/marquort.de\/pt-pt\/?s={search_term_string}"},"query-input":{"@type":"PropertyValueSpecification","valueRequired":true,"valueName":"search_term_string"}}],"inLanguage":"pt-PT"}]}},"_links":{"self":[{"href":"https:\/\/marquort.de\/pt-pt\/wp-json\/wp\/v2\/pages\/1580","targetHints":{"allow":["GET"]}}],"collection":[{"href":"https:\/\/marquort.de\/pt-pt\/wp-json\/wp\/v2\/pages"}],"about":[{"href":"https:\/\/marquort.de\/pt-pt\/wp-json\/wp\/v2\/types\/page"}],"author":[{"embeddable":true,"href":"https:\/\/marquort.de\/pt-pt\/wp-json\/wp\/v2\/users\/4"}],"replies":[{"embeddable":true,"href":"https:\/\/marquort.de\/pt-pt\/wp-json\/wp\/v2\/comments?post=1580"}],"version-history":[{"count":4,"href":"https:\/\/marquort.de\/pt-pt\/wp-json\/wp\/v2\/pages\/1580\/revisions"}],"predecessor-version":[{"id":1638,"href":"https:\/\/marquort.de\/pt-pt\/wp-json\/wp\/v2\/pages\/1580\/revisions\/1638"}],"wp:attachment":[{"href":"https:\/\/marquort.de\/pt-pt\/wp-json\/wp\/v2\/media?parent=1580"}],"curies":[{"name":"wp","href":"https:\/\/api.w.org\/{rel}","templated":true}]}}