{"id":1609,"date":"2025-12-26T14:34:01","date_gmt":"2025-12-26T12:34:01","guid":{"rendered":"https:\/\/marquort.de\/fachanwalt-fuer-strafrecht-aus-kiel\/"},"modified":"2024-02-13T19:23:14","modified_gmt":"2024-02-13T17:23:14","slug":"fachanwalt-fuer-strafrecht-aus-kiel","status":"publish","type":"page","link":"https:\/\/marquort.de\/pt-pt\/","title":{"rendered":"Advogado Philipp Marquort, advogado especializado em direito penal de Kiel"},"content":{"rendered":"<h1>Advogado Philipp Marquort, advogado especializado em direito penal de Kiel<\/h1>\n<p>Bem-vindo ao meu escrit\u00f3rio de advogados virtual.<\/p>\n<p>&nbsp;<\/p>\n<h1 style=\"text-align: center;\">Eu. Defender. Tu.<\/h1>\n<p><strong>Nota: O advogado Marquort s\u00f3 fala alem\u00e3o e ingl\u00eas. \u00c9 necess\u00e1rio um int\u00e9rprete para a comunica\u00e7\u00e3o noutras l\u00ednguas. Uma mensagem de correio eletr\u00f3nico pode ser escrita atrav\u00e9s de tradu\u00e7\u00e3o autom\u00e1tica.<\/strong><\/p>\n<p><strong>O texto seguinte \u00e9 uma tradu\u00e7\u00e3o autom\u00e1tica<\/strong><\/p>\n<p>Como advogado de defesa criminal experiente, estou ao seu lado com conhecimentos jur\u00eddicos abrangentes. Em Kiel e em todo o pa\u00eds. Com mais de 19 anos de experi\u00eancia profissional, incluindo como advogado especialista em direito penal desde 2007, defenderei os seus interesses com paix\u00e3o e empenho. Independentemente de estar a ser investigado, de j\u00e1 ter sido acusado ou de querer defender-se de uma condena\u00e7\u00e3o em primeira inst\u00e2ncia em processos de recurso ou de revis\u00e3o. Se precisar de aconselhamento jur\u00eddico no dom\u00ednio do direito penal &#8211; eu sou o seu parceiro de confian\u00e7a. O meu lema \u00e9: Eu. Defendo-o. Defendo-o a si. Pode confiar na minha experi\u00eancia e no meu empenho em desenvolver em conjunto a melhor estrat\u00e9gia de defesa poss\u00edvel para o seu caso. Comigo, os seus assuntos jur\u00eddicos est\u00e3o em m\u00e3os experientes. N\u00e3o importa do que \u00e9 acusado: <strong>Eu. Defender. Tu.<\/strong><\/p>\n<p>&nbsp;<\/p>\n<h2>Clientes de Kiel, Schleswig-Holstein e de toda a Alemanha<\/h2>\n<p>H\u00e1 mais de 19 anos que represento os interesses dos meus clientes, que v\u00eam de Kiel, Schleswig-Holstein e de toda a Alemanha. A maioria dos clientes prov\u00e9m naturalmente de Kiel e dos arredores.<\/p>\n<p>&nbsp;<\/p>\n<h2>Sobre o meu escrit\u00f3rio de advogados<\/h2>\n<p>Exer\u00e7o advocacia em Kiel h\u00e1 mais de 19 anos, tendo aberto o meu escrit\u00f3rio em 15 de abril de 2004. Desde 2007, especializei-me em direito penal, o que se reflecte no meu t\u00edtulo de advogado especialista em direito penal. Os primeiros cinco anos (2004-2009) da minha atividade foram passados num escrit\u00f3rio partilhado na Knooper Weg 29, em Kiel, juntamente com o antigo advogado e not\u00e1rio Klaus Berger e o advogado Mario Taebel. Em dezembro de 2016, mudei-me para o escrit\u00f3rio na Exerzierplatz 7 em Kiel com o advogado Mario Taebel. A parceria do escrit\u00f3rio foi alargada pouco tempo depois com a entrada da minha colega Bianca Karrasch. De 15 de novembro de 2009 a 16 de dezembro de 2016, o meu escrit\u00f3rio de advocacia esteve localizado no 2\u00ba andar da Exerzierplatz 7, onde partilhei o escrit\u00f3rio com o advogado Mario Taebel e a advogada e especialista em direito da fam\u00edlia Bianca Karrasch.<\/p>\n<p>Desde 16 de dezembro de 2016, o meu escrit\u00f3rio situa-se na Exerzierplatz 32, 4\u00ba andar. Os meus dois colegas mudaram-se para o escrit\u00f3rio partilhado na Exerzierplatz 32.<\/p>\n<p>&nbsp;<\/p>\n<p>&nbsp;<\/p>\n","protected":false},"excerpt":{"rendered":"<p>Advogado Philipp Marquort, advogado especializado em direito penal de Kiel Bem-vindo ao meu escrit\u00f3rio de advogados virtual. &nbsp; Eu. Defender. Tu. Nota: O advogado Marquort s\u00f3 fala alem\u00e3o e ingl\u00eas. \u00c9 necess\u00e1rio um int\u00e9rprete para a comunica\u00e7\u00e3o noutras l\u00ednguas. Uma mensagem de correio eletr\u00f3nico pode ser escrita atrav\u00e9s de tradu\u00e7\u00e3o autom\u00e1tica. O texto seguinte \u00e9 [&hellip;]<\/p>\n","protected":false},"author":4,"featured_media":0,"parent":0,"menu_order":1,"comment_status":"closed","ping_status":"closed","template":"","meta":{"footnotes":""},"class_list":["post-1609","page","type-page","status-publish","hentry"],"yoast_head":"<!-- This site is optimized with the Yoast SEO plugin v27.4 - https:\/\/yoast.com\/product\/yoast-seo-wordpress\/ -->\n<title>Rechtsanwalt Kiel Philipp Marquort Fachanwalt f\u00fcr Strafrecht<\/title>\n<meta name=\"description\" content=\"Fachanwalt f\u00fcr Strafrecht, Rechtsanwalt Kiel, Philipp Marquort, Strafrecht\" \/>\n<meta name=\"robots\" content=\"index, follow, max-snippet:-1, max-image-preview:large, max-video-preview:-1\" \/>\n<link rel=\"canonical\" href=\"https:\/\/marquort.de\/pt-pt\/\" \/>\n<meta name=\"twitter:label1\" content=\"Tempo estimado de leitura\" \/>\n\t<meta name=\"twitter:data1\" content=\"3 minutos\" \/>\n<script type=\"application\/ld+json\" class=\"yoast-schema-graph\">{\"@context\":\"https:\\\/\\\/schema.org\",\"@graph\":[{\"@type\":\"WebPage\",\"@id\":\"https:\\\/\\\/marquort.de\\\/pt-pt\\\/\",\"url\":\"https:\\\/\\\/marquort.de\\\/pt-pt\\\/\",\"name\":\"Rechtsanwalt Kiel Philipp Marquort Fachanwalt f\u00fcr Strafrecht\",\"isPartOf\":{\"@id\":\"https:\\\/\\\/marquort.de\\\/pt-pt\\\/#website\"},\"datePublished\":\"2025-12-26T12:34:01+00:00\",\"description\":\"Fachanwalt f\u00fcr Strafrecht, Rechtsanwalt Kiel, Philipp Marquort, Strafrecht\",\"breadcrumb\":{\"@id\":\"https:\\\/\\\/marquort.de\\\/pt-pt\\\/#breadcrumb\"},\"inLanguage\":\"pt-PT\",\"potentialAction\":[{\"@type\":\"ReadAction\",\"target\":[\"https:\\\/\\\/marquort.de\\\/pt-pt\\\/\"]}]},{\"@type\":\"BreadcrumbList\",\"@id\":\"https:\\\/\\\/marquort.de\\\/pt-pt\\\/#breadcrumb\",\"itemListElement\":[{\"@type\":\"ListItem\",\"position\":1,\"name\":\"Home\",\"item\":\"https:\\\/\\\/marquort.de\\\/pt-pt\\\/\"},{\"@type\":\"ListItem\",\"position\":2,\"name\":\"Advogado Philipp Marquort, advogado especializado em direito penal de Kiel\"}]},{\"@type\":\"WebSite\",\"@id\":\"https:\\\/\\\/marquort.de\\\/pt-pt\\\/#website\",\"url\":\"https:\\\/\\\/marquort.de\\\/pt-pt\\\/\",\"name\":\"Fachanwalt f\u00fcr Strafrecht\",\"description\":\"Rechtsanwalt Philipp Marquort\",\"potentialAction\":[{\"@type\":\"SearchAction\",\"target\":{\"@type\":\"EntryPoint\",\"urlTemplate\":\"https:\\\/\\\/marquort.de\\\/pt-pt\\\/?s={search_term_string}\"},\"query-input\":{\"@type\":\"PropertyValueSpecification\",\"valueRequired\":true,\"valueName\":\"search_term_string\"}}],\"inLanguage\":\"pt-PT\"}]}<\/script>\n<!-- \/ Yoast SEO plugin. -->","yoast_head_json":{"title":"Rechtsanwalt Kiel Philipp Marquort Fachanwalt f\u00fcr Strafrecht","description":"Fachanwalt f\u00fcr Strafrecht, Rechtsanwalt Kiel, Philipp Marquort, Strafrecht","robots":{"index":"index","follow":"follow","max-snippet":"max-snippet:-1","max-image-preview":"max-image-preview:large","max-video-preview":"max-video-preview:-1"},"canonical":"https:\/\/marquort.de\/pt-pt\/","twitter_misc":{"Tempo estimado de leitura":"3 minutos"},"schema":{"@context":"https:\/\/schema.org","@graph":[{"@type":"WebPage","@id":"https:\/\/marquort.de\/pt-pt\/","url":"https:\/\/marquort.de\/pt-pt\/","name":"Rechtsanwalt Kiel Philipp Marquort Fachanwalt f\u00fcr Strafrecht","isPartOf":{"@id":"https:\/\/marquort.de\/pt-pt\/#website"},"datePublished":"2025-12-26T12:34:01+00:00","description":"Fachanwalt f\u00fcr Strafrecht, Rechtsanwalt Kiel, Philipp Marquort, Strafrecht","breadcrumb":{"@id":"https:\/\/marquort.de\/pt-pt\/#breadcrumb"},"inLanguage":"pt-PT","potentialAction":[{"@type":"ReadAction","target":["https:\/\/marquort.de\/pt-pt\/"]}]},{"@type":"BreadcrumbList","@id":"https:\/\/marquort.de\/pt-pt\/#breadcrumb","itemListElement":[{"@type":"ListItem","position":1,"name":"Home","item":"https:\/\/marquort.de\/pt-pt\/"},{"@type":"ListItem","position":2,"name":"Advogado Philipp Marquort, advogado especializado em direito penal de Kiel"}]},{"@type":"WebSite","@id":"https:\/\/marquort.de\/pt-pt\/#website","url":"https:\/\/marquort.de\/pt-pt\/","name":"Fachanwalt f\u00fcr Strafrecht","description":"Rechtsanwalt Philipp Marquort","potentialAction":[{"@type":"SearchAction","target":{"@type":"EntryPoint","urlTemplate":"https:\/\/marquort.de\/pt-pt\/?s={search_term_string}"},"query-input":{"@type":"PropertyValueSpecification","valueRequired":true,"valueName":"search_term_string"}}],"inLanguage":"pt-PT"}]}},"_links":{"self":[{"href":"https:\/\/marquort.de\/pt-pt\/wp-json\/wp\/v2\/pages\/1609","targetHints":{"allow":["GET"]}}],"collection":[{"href":"https:\/\/marquort.de\/pt-pt\/wp-json\/wp\/v2\/pages"}],"about":[{"href":"https:\/\/marquort.de\/pt-pt\/wp-json\/wp\/v2\/types\/page"}],"author":[{"embeddable":true,"href":"https:\/\/marquort.de\/pt-pt\/wp-json\/wp\/v2\/users\/4"}],"replies":[{"embeddable":true,"href":"https:\/\/marquort.de\/pt-pt\/wp-json\/wp\/v2\/comments?post=1609"}],"version-history":[{"count":2,"href":"https:\/\/marquort.de\/pt-pt\/wp-json\/wp\/v2\/pages\/1609\/revisions"}],"predecessor-version":[{"id":1612,"href":"https:\/\/marquort.de\/pt-pt\/wp-json\/wp\/v2\/pages\/1609\/revisions\/1612"}],"wp:attachment":[{"href":"https:\/\/marquort.de\/pt-pt\/wp-json\/wp\/v2\/media?parent=1609"}],"curies":[{"name":"wp","href":"https:\/\/api.w.org\/{rel}","templated":true}]}}